{"id":18725,"date":"2026-03-02T08:54:11","date_gmt":"2026-03-02T07:54:11","guid":{"rendered":"https:\/\/visionexpress.pl\/promocje\/?page_id=18725"},"modified":"2026-03-12T11:41:57","modified_gmt":"2026-03-12T10:41:57","slug":"sunrabat","status":"publish","type":"page","link":"https:\/\/visionexpress.pl\/promocje\/sunrabat\/","title":{"rendered":"Do 200 z\u0142 na okulary przeciws\u0142oneczne"},"content":{"rendered":"","protected":false},"excerpt":{"rendered":"","protected":false},"author":12,"featured_media":0,"parent":0,"menu_order":0,"comment_status":"closed","ping_status":"closed","template":"page-brand.php","meta":{"_acf_changed":false,"footnotes":"","_links_to":"","_links_to_target":""},"class_list":["post-18725","page","type-page","status-publish","hentry"],"acf":[],"yoast_head":"<!-- This site is optimized with the Yoast SEO plugin v26.9 - https:\/\/yoast.com\/product\/yoast-seo-wordpress\/ -->\n<title>Do 200 z\u0142 na okulary przeciws\u0142oneczne - Vision Express<\/title>\n<meta name=\"description\" content=\"Wybierz przynajmniej 2 pary okular\u00f3w przeciws\u0142onecznych i odbierz do 200 z\u0142 zni\u017cki! Pora na nowe okulary przeciws\u0142oneczne w Vision Express.\" \/>\n<meta name=\"robots\" content=\"index, follow, max-snippet:-1, max-image-preview:large, max-video-preview:-1\" \/>\n<link rel=\"canonical\" href=\"https:\/\/visionexpress.pl\/promocje\/sunrabat\/\" \/>\n<meta property=\"og:locale\" content=\"pl_PL\" \/>\n<meta property=\"og:type\" content=\"article\" \/>\n<meta property=\"og:title\" content=\"Do 200 z\u0142 na okulary przeciws\u0142oneczne - Vision Express\" \/>\n<meta property=\"og:description\" content=\"Wybierz przynajmniej 2 pary okular\u00f3w przeciws\u0142onecznych i odbierz do 200 z\u0142 zni\u017cki! Pora na nowe okulary przeciws\u0142oneczne w Vision Express.\" \/>\n<meta property=\"og:url\" content=\"https:\/\/visionexpress.pl\/promocje\/sunrabat\/\" \/>\n<meta property=\"og:site_name\" content=\"Vision Express Promocje\" \/>\n<meta property=\"article:modified_time\" content=\"2026-03-12T10:41:57+00:00\" \/>\n<meta name=\"twitter:card\" content=\"summary_large_image\" \/>\n<meta name=\"twitter:label1\" content=\"Szacowany czas czytania\" \/>\n\t<meta name=\"twitter:data1\" content=\"10 minut\" \/>\n<script type=\"application\/ld+json\" class=\"yoast-schema-graph\">{\"@context\":\"https:\/\/schema.org\",\"@graph\":[{\"@type\":\"WebPage\",\"@id\":\"https:\/\/visionexpress.pl\/promocje\/sunrabat\/\",\"url\":\"https:\/\/visionexpress.pl\/promocje\/sunrabat\/\",\"name\":\"Do 200 z\u0142 na okulary przeciws\u0142oneczne - Vision Express\",\"isPartOf\":{\"@id\":\"https:\/\/visionexpress.pl\/promocje\/#website\"},\"datePublished\":\"2026-03-02T07:54:11+00:00\",\"dateModified\":\"2026-03-12T10:41:57+00:00\",\"description\":\"Wybierz przynajmniej 2 pary okular\u00f3w przeciws\u0142onecznych i odbierz do 200 z\u0142 zni\u017cki! Pora na nowe okulary przeciws\u0142oneczne w Vision Express.\",\"breadcrumb\":{\"@id\":\"https:\/\/visionexpress.pl\/promocje\/sunrabat\/#breadcrumb\"},\"inLanguage\":\"pl-PL\",\"potentialAction\":[{\"@type\":\"ReadAction\",\"target\":[\"https:\/\/visionexpress.pl\/promocje\/sunrabat\/\"]}]},{\"@type\":\"BreadcrumbList\",\"@id\":\"https:\/\/visionexpress.pl\/promocje\/sunrabat\/#breadcrumb\",\"itemListElement\":[{\"@type\":\"ListItem\",\"position\":1,\"name\":\"Strona g\u0142\u00f3wna\",\"item\":\"https:\/\/visionexpress.pl\/promocje\/\"},{\"@type\":\"ListItem\",\"position\":2,\"name\":\"Do 200 z\u0142 na okulary przeciws\u0142oneczne\"}]},{\"@type\":\"WebSite\",\"@id\":\"https:\/\/visionexpress.pl\/promocje\/#website\",\"url\":\"https:\/\/visionexpress.pl\/promocje\/\",\"name\":\"Vision Express Promocje\",\"description\":\"\",\"potentialAction\":[{\"@type\":\"SearchAction\",\"target\":{\"@type\":\"EntryPoint\",\"urlTemplate\":\"https:\/\/visionexpress.pl\/promocje\/?s={search_term_string}\"},\"query-input\":{\"@type\":\"PropertyValueSpecification\",\"valueRequired\":true,\"valueName\":\"search_term_string\"}}],\"inLanguage\":\"pl-PL\"}]}<\/script>\n<!-- \/ Yoast SEO plugin. -->","yoast_head_json":{"title":"Do 200 z\u0142 na okulary przeciws\u0142oneczne - Vision Express","description":"Wybierz przynajmniej 2 pary okular\u00f3w przeciws\u0142onecznych i odbierz do 200 z\u0142 zni\u017cki! Pora na nowe okulary przeciws\u0142oneczne w Vision Express.","robots":{"index":"index","follow":"follow","max-snippet":"max-snippet:-1","max-image-preview":"max-image-preview:large","max-video-preview":"max-video-preview:-1"},"canonical":"https:\/\/visionexpress.pl\/promocje\/sunrabat\/","og_locale":"pl_PL","og_type":"article","og_title":"Do 200 z\u0142 na okulary przeciws\u0142oneczne - Vision Express","og_description":"Wybierz przynajmniej 2 pary okular\u00f3w przeciws\u0142onecznych i odbierz do 200 z\u0142 zni\u017cki! Pora na nowe okulary przeciws\u0142oneczne w Vision Express.","og_url":"https:\/\/visionexpress.pl\/promocje\/sunrabat\/","og_site_name":"Vision Express Promocje","article_modified_time":"2026-03-12T10:41:57+00:00","twitter_card":"summary_large_image","twitter_misc":{"Szacowany czas czytania":"10 minut"},"schema":{"@context":"https:\/\/schema.org","@graph":[{"@type":"WebPage","@id":"https:\/\/visionexpress.pl\/promocje\/sunrabat\/","url":"https:\/\/visionexpress.pl\/promocje\/sunrabat\/","name":"Do 200 z\u0142 na okulary przeciws\u0142oneczne - Vision Express","isPartOf":{"@id":"https:\/\/visionexpress.pl\/promocje\/#website"},"datePublished":"2026-03-02T07:54:11+00:00","dateModified":"2026-03-12T10:41:57+00:00","description":"Wybierz przynajmniej 2 pary okular\u00f3w przeciws\u0142onecznych i odbierz do 200 z\u0142 zni\u017cki! Pora na nowe okulary przeciws\u0142oneczne w Vision Express.","breadcrumb":{"@id":"https:\/\/visionexpress.pl\/promocje\/sunrabat\/#breadcrumb"},"inLanguage":"pl-PL","potentialAction":[{"@type":"ReadAction","target":["https:\/\/visionexpress.pl\/promocje\/sunrabat\/"]}]},{"@type":"BreadcrumbList","@id":"https:\/\/visionexpress.pl\/promocje\/sunrabat\/#breadcrumb","itemListElement":[{"@type":"ListItem","position":1,"name":"Strona g\u0142\u00f3wna","item":"https:\/\/visionexpress.pl\/promocje\/"},{"@type":"ListItem","position":2,"name":"Do 200 z\u0142 na okulary przeciws\u0142oneczne"}]},{"@type":"WebSite","@id":"https:\/\/visionexpress.pl\/promocje\/#website","url":"https:\/\/visionexpress.pl\/promocje\/","name":"Vision Express Promocje","description":"","potentialAction":[{"@type":"SearchAction","target":{"@type":"EntryPoint","urlTemplate":"https:\/\/visionexpress.pl\/promocje\/?s={search_term_string}"},"query-input":{"@type":"PropertyValueSpecification","valueRequired":true,"valueName":"search_term_string"}}],"inLanguage":"pl-PL"}]}},"_links":{"self":[{"href":"https:\/\/visionexpress.pl\/promocje\/wp-json\/wp\/v2\/pages\/18725","targetHints":{"allow":["GET"]}}],"collection":[{"href":"https:\/\/visionexpress.pl\/promocje\/wp-json\/wp\/v2\/pages"}],"about":[{"href":"https:\/\/visionexpress.pl\/promocje\/wp-json\/wp\/v2\/types\/page"}],"author":[{"embeddable":true,"href":"https:\/\/visionexpress.pl\/promocje\/wp-json\/wp\/v2\/users\/12"}],"replies":[{"embeddable":true,"href":"https:\/\/visionexpress.pl\/promocje\/wp-json\/wp\/v2\/comments?post=18725"}],"version-history":[{"count":20,"href":"https:\/\/visionexpress.pl\/promocje\/wp-json\/wp\/v2\/pages\/18725\/revisions"}],"predecessor-version":[{"id":18804,"href":"https:\/\/visionexpress.pl\/promocje\/wp-json\/wp\/v2\/pages\/18725\/revisions\/18804"}],"wp:attachment":[{"href":"https:\/\/visionexpress.pl\/promocje\/wp-json\/wp\/v2\/media?parent=18725"}],"curies":[{"name":"wp","href":"https:\/\/api.w.org\/{rel}","templated":true}]}}