{"id":17238,"date":"2025-06-02T09:17:53","date_gmt":"2025-06-02T07:17:53","guid":{"rendered":"https:\/\/visionexpress.pl\/promocje\/?page_id=17238"},"modified":"2025-06-18T15:36:09","modified_gmt":"2025-06-18T13:36:09","slug":"20-na-soczewki-kontaktowe","status":"publish","type":"page","link":"https:\/\/visionexpress.pl\/promocje\/20-na-soczewki-kontaktowe\/","title":{"rendered":"20% zni\u017cki na soczewki kontaktowe"},"content":{"rendered":"","protected":false},"excerpt":{"rendered":"","protected":false},"author":22,"featured_media":0,"parent":0,"menu_order":0,"comment_status":"closed","ping_status":"closed","template":"page-brand.php","meta":{"_acf_changed":false,"footnotes":"","_links_to":"","_links_to_target":""},"class_list":["post-17238","page","type-page","status-publish","hentry"],"acf":[],"yoast_head":"<!-- This site is optimized with the Yoast SEO plugin v26.9 - https:\/\/yoast.com\/product\/yoast-seo-wordpress\/ -->\n<title>20% zni\u017cki na soczewki kontaktowe - Vision Express<\/title>\n<meta name=\"description\" content=\"Sprawd\u017a najnowsz\u0105 kolekcj\u0119 okular\u00f3w przeciws\u0142onecznych \ud83d\ude0e i oprawek do okular\u00f3w korekcyjnych od Unofficial! Wyra\u017a siebie \u2764\ufe0f\" \/>\n<meta name=\"robots\" content=\"index, follow, max-snippet:-1, max-image-preview:large, max-video-preview:-1\" \/>\n<link rel=\"canonical\" href=\"https:\/\/visionexpress.pl\/promocje\/20-na-soczewki-kontaktowe\/\" \/>\n<meta property=\"og:locale\" content=\"pl_PL\" \/>\n<meta property=\"og:type\" content=\"article\" \/>\n<meta property=\"og:title\" content=\"20% zni\u017cki na soczewki kontaktowe - Vision Express\" \/>\n<meta property=\"og:description\" content=\"Sprawd\u017a najnowsz\u0105 kolekcj\u0119 okular\u00f3w przeciws\u0142onecznych \ud83d\ude0e i oprawek do okular\u00f3w korekcyjnych od Unofficial! Wyra\u017a siebie \u2764\ufe0f\" \/>\n<meta property=\"og:url\" content=\"https:\/\/visionexpress.pl\/promocje\/20-na-soczewki-kontaktowe\/\" \/>\n<meta property=\"og:site_name\" content=\"Vision Express Promocje\" \/>\n<meta property=\"article:modified_time\" content=\"2025-06-18T13:36:09+00:00\" \/>\n<meta name=\"twitter:card\" content=\"summary_large_image\" \/>\n<meta name=\"twitter:label1\" content=\"Szacowany czas czytania\" \/>\n\t<meta name=\"twitter:data1\" content=\"3 minuty\" \/>\n<script type=\"application\/ld+json\" class=\"yoast-schema-graph\">{\"@context\":\"https:\/\/schema.org\",\"@graph\":[{\"@type\":\"WebPage\",\"@id\":\"https:\/\/visionexpress.pl\/promocje\/20-na-soczewki-kontaktowe\/\",\"url\":\"https:\/\/visionexpress.pl\/promocje\/20-na-soczewki-kontaktowe\/\",\"name\":\"20% zni\u017cki na soczewki kontaktowe - Vision Express\",\"isPartOf\":{\"@id\":\"https:\/\/visionexpress.pl\/promocje\/#website\"},\"datePublished\":\"2025-06-02T07:17:53+00:00\",\"dateModified\":\"2025-06-18T13:36:09+00:00\",\"description\":\"Sprawd\u017a najnowsz\u0105 kolekcj\u0119 okular\u00f3w przeciws\u0142onecznych \ud83d\ude0e i oprawek do okular\u00f3w korekcyjnych od Unofficial! Wyra\u017a siebie \u2764\ufe0f\",\"breadcrumb\":{\"@id\":\"https:\/\/visionexpress.pl\/promocje\/20-na-soczewki-kontaktowe\/#breadcrumb\"},\"inLanguage\":\"pl-PL\",\"potentialAction\":[{\"@type\":\"ReadAction\",\"target\":[\"https:\/\/visionexpress.pl\/promocje\/20-na-soczewki-kontaktowe\/\"]}]},{\"@type\":\"BreadcrumbList\",\"@id\":\"https:\/\/visionexpress.pl\/promocje\/20-na-soczewki-kontaktowe\/#breadcrumb\",\"itemListElement\":[{\"@type\":\"ListItem\",\"position\":1,\"name\":\"Strona g\u0142\u00f3wna\",\"item\":\"https:\/\/visionexpress.pl\/promocje\/\"},{\"@type\":\"ListItem\",\"position\":2,\"name\":\"20% zni\u017cki na soczewki kontaktowe\"}]},{\"@type\":\"WebSite\",\"@id\":\"https:\/\/visionexpress.pl\/promocje\/#website\",\"url\":\"https:\/\/visionexpress.pl\/promocje\/\",\"name\":\"Vision Express Promocje\",\"description\":\"\",\"potentialAction\":[{\"@type\":\"SearchAction\",\"target\":{\"@type\":\"EntryPoint\",\"urlTemplate\":\"https:\/\/visionexpress.pl\/promocje\/?s={search_term_string}\"},\"query-input\":{\"@type\":\"PropertyValueSpecification\",\"valueRequired\":true,\"valueName\":\"search_term_string\"}}],\"inLanguage\":\"pl-PL\"}]}<\/script>\n<!-- \/ Yoast SEO plugin. -->","yoast_head_json":{"title":"20% zni\u017cki na soczewki kontaktowe - Vision Express","description":"Sprawd\u017a najnowsz\u0105 kolekcj\u0119 okular\u00f3w przeciws\u0142onecznych \ud83d\ude0e i oprawek do okular\u00f3w korekcyjnych od Unofficial! Wyra\u017a siebie \u2764\ufe0f","robots":{"index":"index","follow":"follow","max-snippet":"max-snippet:-1","max-image-preview":"max-image-preview:large","max-video-preview":"max-video-preview:-1"},"canonical":"https:\/\/visionexpress.pl\/promocje\/20-na-soczewki-kontaktowe\/","og_locale":"pl_PL","og_type":"article","og_title":"20% zni\u017cki na soczewki kontaktowe - Vision Express","og_description":"Sprawd\u017a najnowsz\u0105 kolekcj\u0119 okular\u00f3w przeciws\u0142onecznych \ud83d\ude0e i oprawek do okular\u00f3w korekcyjnych od Unofficial! Wyra\u017a siebie \u2764\ufe0f","og_url":"https:\/\/visionexpress.pl\/promocje\/20-na-soczewki-kontaktowe\/","og_site_name":"Vision Express Promocje","article_modified_time":"2025-06-18T13:36:09+00:00","twitter_card":"summary_large_image","twitter_misc":{"Szacowany czas czytania":"3 minuty"},"schema":{"@context":"https:\/\/schema.org","@graph":[{"@type":"WebPage","@id":"https:\/\/visionexpress.pl\/promocje\/20-na-soczewki-kontaktowe\/","url":"https:\/\/visionexpress.pl\/promocje\/20-na-soczewki-kontaktowe\/","name":"20% zni\u017cki na soczewki kontaktowe - Vision Express","isPartOf":{"@id":"https:\/\/visionexpress.pl\/promocje\/#website"},"datePublished":"2025-06-02T07:17:53+00:00","dateModified":"2025-06-18T13:36:09+00:00","description":"Sprawd\u017a najnowsz\u0105 kolekcj\u0119 okular\u00f3w przeciws\u0142onecznych \ud83d\ude0e i oprawek do okular\u00f3w korekcyjnych od Unofficial! Wyra\u017a siebie \u2764\ufe0f","breadcrumb":{"@id":"https:\/\/visionexpress.pl\/promocje\/20-na-soczewki-kontaktowe\/#breadcrumb"},"inLanguage":"pl-PL","potentialAction":[{"@type":"ReadAction","target":["https:\/\/visionexpress.pl\/promocje\/20-na-soczewki-kontaktowe\/"]}]},{"@type":"BreadcrumbList","@id":"https:\/\/visionexpress.pl\/promocje\/20-na-soczewki-kontaktowe\/#breadcrumb","itemListElement":[{"@type":"ListItem","position":1,"name":"Strona g\u0142\u00f3wna","item":"https:\/\/visionexpress.pl\/promocje\/"},{"@type":"ListItem","position":2,"name":"20% zni\u017cki na soczewki kontaktowe"}]},{"@type":"WebSite","@id":"https:\/\/visionexpress.pl\/promocje\/#website","url":"https:\/\/visionexpress.pl\/promocje\/","name":"Vision Express Promocje","description":"","potentialAction":[{"@type":"SearchAction","target":{"@type":"EntryPoint","urlTemplate":"https:\/\/visionexpress.pl\/promocje\/?s={search_term_string}"},"query-input":{"@type":"PropertyValueSpecification","valueRequired":true,"valueName":"search_term_string"}}],"inLanguage":"pl-PL"}]}},"_links":{"self":[{"href":"https:\/\/visionexpress.pl\/promocje\/wp-json\/wp\/v2\/pages\/17238","targetHints":{"allow":["GET"]}}],"collection":[{"href":"https:\/\/visionexpress.pl\/promocje\/wp-json\/wp\/v2\/pages"}],"about":[{"href":"https:\/\/visionexpress.pl\/promocje\/wp-json\/wp\/v2\/types\/page"}],"author":[{"embeddable":true,"href":"https:\/\/visionexpress.pl\/promocje\/wp-json\/wp\/v2\/users\/22"}],"replies":[{"embeddable":true,"href":"https:\/\/visionexpress.pl\/promocje\/wp-json\/wp\/v2\/comments?post=17238"}],"version-history":[{"count":18,"href":"https:\/\/visionexpress.pl\/promocje\/wp-json\/wp\/v2\/pages\/17238\/revisions"}],"predecessor-version":[{"id":17412,"href":"https:\/\/visionexpress.pl\/promocje\/wp-json\/wp\/v2\/pages\/17238\/revisions\/17412"}],"wp:attachment":[{"href":"https:\/\/visionexpress.pl\/promocje\/wp-json\/wp\/v2\/media?parent=17238"}],"curies":[{"name":"wp","href":"https:\/\/api.w.org\/{rel}","templated":true}]}}