{"id":15536,"date":"2024-07-19T17:17:29","date_gmt":"2024-07-19T15:17:29","guid":{"rendered":"https:\/\/visionexpress.pl\/promocje\/?page_id=15536"},"modified":"2024-08-29T16:18:15","modified_gmt":"2024-08-29T14:18:15","slug":"ray-ban-change","status":"publish","type":"page","link":"https:\/\/visionexpress.pl\/promocje\/ray-ban-change\/","title":{"rendered":"Ray-Ban Change &#8211; innowacja w\u015br\u00f3d okular\u00f3w przeciws\u0142onecznych"},"content":{"rendered":"<h1 style=\"text-align: center\">Wszystko co powiniene\u015b wiedzie\u0107 o naszej najnowszej innowacji!<\/h1>\n<p>Od 1937 roku Ray-Ban eksploruje nieznane, aby tworzy\u0107 okulary, kt\u00f3re \u0142\u0105cz\u0105 ponadczasowy design i najnowocze\u015bniejsz\u0105 technologi\u0119.<\/p>\n<p><img loading=\"lazy\" decoding=\"async\" class=\"alignnone size-full wp-image-15671\" src=\"https:\/\/visionexpress.pl\/promocje\/wp-content\/uploads\/sites\/3\/2024\/07\/1_24LUX0014_Ray-Ban_AMZ_Change_A_Hero_D-1-jpg.avif\" alt=\"\" width=\"1464\" height=\"600\" srcset=\"https:\/\/visionexpress.pl\/promocje\/wp-content\/uploads\/sites\/3\/2024\/07\/1_24LUX0014_Ray-Ban_AMZ_Change_A_Hero_D-1-jpg.avif 1464w, https:\/\/visionexpress.pl\/promocje\/wp-content\/uploads\/sites\/3\/2024\/07\/1_24LUX0014_Ray-Ban_AMZ_Change_A_Hero_D-1-300x123.avif 300w, https:\/\/visionexpress.pl\/promocje\/wp-content\/uploads\/sites\/3\/2024\/07\/1_24LUX0014_Ray-Ban_AMZ_Change_A_Hero_D-1-1024x420.avif 1024w, https:\/\/visionexpress.pl\/promocje\/wp-content\/uploads\/sites\/3\/2024\/07\/1_24LUX0014_Ray-Ban_AMZ_Change_A_Hero_D-1-768x315.avif 768w\" sizes=\"auto, (max-width: 1464px) 100vw, 1464px\" \/><\/p>\n<h1>Nasza pierwsza oprawka reaguj\u0105ca na \u015bwiat\u0142o.<\/h1>\n<p>Najnowsza technologia &#8211; opatentowane w\u0142\u00f3kno octanowe z pigmentem &#8211; sprawia \u017ce oprawki okular\u00f3w zmieniaj\u0105 intensywno\u015b\u0107 koloru wraz z nat\u0119\u017ceniem promieni s\u0142onecznych! Kolor oprawek w kilka sekund po wyj\u015bciu z pomieszczenia nabiera intensywniejszych barw, natomiast po powrocie z zewn\u0105trz do pomieszczenia, si\u0142a barwnika maleje w ci\u0105gu kilku minut!<\/p>\n<p style=\"text-align: center\"><img loading=\"lazy\" decoding=\"async\" class=\"alignnone size-full wp-image-15673\" src=\"https:\/\/visionexpress.pl\/promocje\/wp-content\/uploads\/sites\/3\/2024\/07\/3_24LUX0014_Ray-Ban_AMZ_Change_A_Product_D-1-jpg.avif\" alt=\"\" width=\"1464\" height=\"600\" srcset=\"https:\/\/visionexpress.pl\/promocje\/wp-content\/uploads\/sites\/3\/2024\/07\/3_24LUX0014_Ray-Ban_AMZ_Change_A_Product_D-1-jpg.avif 1464w, https:\/\/visionexpress.pl\/promocje\/wp-content\/uploads\/sites\/3\/2024\/07\/3_24LUX0014_Ray-Ban_AMZ_Change_A_Product_D-1-300x123.avif 300w, https:\/\/visionexpress.pl\/promocje\/wp-content\/uploads\/sites\/3\/2024\/07\/3_24LUX0014_Ray-Ban_AMZ_Change_A_Product_D-1-1024x420.avif 1024w, https:\/\/visionexpress.pl\/promocje\/wp-content\/uploads\/sites\/3\/2024\/07\/3_24LUX0014_Ray-Ban_AMZ_Change_A_Product_D-1-768x315.avif 768w\" sizes=\"auto, (max-width: 1464px) 100vw, 1464px\" \/><\/p>\n<p>Unikalne kolory i wzory oprawy s\u0105 tworzone przy u\u017cyciu barwnik\u00f3w fotochromowych Transitions, kt\u00f3re natychmiastowo aktywuj\u0105 si\u0119 pod wp\u0142ywem \u015bwiat\u0142a UV. Gdy \u015bwiat\u0142o jest silniejsze &#8211; kolor oprawek staje si\u0119 intensywniejszy<\/p>\n<p><img loading=\"lazy\" decoding=\"async\" class=\"alignnone size-full wp-image-15675\" src=\"https:\/\/visionexpress.pl\/promocje\/wp-content\/uploads\/sites\/3\/2024\/07\/5_24LUX0014_Ray-Ban_AMZ_Change_A_Footer_D-1-jpg.avif\" alt=\"\" width=\"1464\" height=\"600\" srcset=\"https:\/\/visionexpress.pl\/promocje\/wp-content\/uploads\/sites\/3\/2024\/07\/5_24LUX0014_Ray-Ban_AMZ_Change_A_Footer_D-1-jpg.avif 1464w, https:\/\/visionexpress.pl\/promocje\/wp-content\/uploads\/sites\/3\/2024\/07\/5_24LUX0014_Ray-Ban_AMZ_Change_A_Footer_D-1-300x123.avif 300w, https:\/\/visionexpress.pl\/promocje\/wp-content\/uploads\/sites\/3\/2024\/07\/5_24LUX0014_Ray-Ban_AMZ_Change_A_Footer_D-1-1024x420.avif 1024w, https:\/\/visionexpress.pl\/promocje\/wp-content\/uploads\/sites\/3\/2024\/07\/5_24LUX0014_Ray-Ban_AMZ_Change_A_Footer_D-1-768x315.avif 768w\" sizes=\"auto, (max-width: 1464px) 100vw, 1464px\" \/><\/p>\n","protected":false},"excerpt":{"rendered":"<p>Wszystko co powiniene\u015b wiedzie\u0107 o naszej najnowszej innowacji! Od 1937 roku Ray-Ban eksploruje nieznane, aby tworzy\u0107 okulary, kt\u00f3re \u0142\u0105cz\u0105 ponadczasowy design i najnowocze\u015bniejsz\u0105 technologi\u0119. Nasza pierwsza oprawka reaguj\u0105ca na \u015bwiat\u0142o. [&hellip;]<\/p>\n","protected":false},"author":12,"featured_media":0,"parent":0,"menu_order":0,"comment_status":"closed","ping_status":"closed","template":"page-brand.php","meta":{"_acf_changed":false,"footnotes":"","_links_to":"","_links_to_target":""},"class_list":["post-15536","page","type-page","status-publish","hentry"],"acf":[],"yoast_head":"<!-- This site is optimized with the Yoast SEO plugin v26.9 - https:\/\/yoast.com\/product\/yoast-seo-wordpress\/ -->\n<title>Ray-Ban Change - innowacja w\u015br\u00f3d okular\u00f3w przeciws\u0142onecznych - Vision Express<\/title>\n<meta name=\"description\" content=\"Ray-Ban Change - innowacyjne oprawka zmieniaj\u0105ca barw\u0119 pod wp\u0142ywem \u015bwiat\u0142a UV. Fotochromowe okulary przeciws\u0142oneczne. Sprawd\u017a innowacje!\" \/>\n<meta name=\"robots\" content=\"index, follow, max-snippet:-1, max-image-preview:large, max-video-preview:-1\" \/>\n<link rel=\"canonical\" href=\"https:\/\/visionexpress.pl\/promocje\/ray-ban-change\/\" \/>\n<meta property=\"og:locale\" content=\"pl_PL\" \/>\n<meta property=\"og:type\" content=\"article\" \/>\n<meta property=\"og:title\" content=\"Ray-Ban Change - innowacja w\u015br\u00f3d okular\u00f3w przeciws\u0142onecznych - Vision Express\" \/>\n<meta property=\"og:description\" content=\"Ray-Ban Change - innowacyjne oprawka zmieniaj\u0105ca barw\u0119 pod wp\u0142ywem \u015bwiat\u0142a UV. Fotochromowe okulary przeciws\u0142oneczne. Sprawd\u017a innowacje!\" \/>\n<meta property=\"og:url\" content=\"https:\/\/visionexpress.pl\/promocje\/ray-ban-change\/\" \/>\n<meta property=\"og:site_name\" content=\"Vision Express Promocje\" \/>\n<meta property=\"article:modified_time\" content=\"2024-08-29T14:18:15+00:00\" \/>\n<meta property=\"og:image\" content=\"https:\/\/visionexpress.pl\/promocje\/wp-content\/uploads\/sites\/3\/2024\/07\/1_24LUX0014_Ray-Ban_AMZ_Change_A_Hero_D-1-jpg.avif\" \/>\n<meta name=\"twitter:card\" content=\"summary_large_image\" \/>\n<meta name=\"twitter:label1\" content=\"Szacowany czas czytania\" \/>\n\t<meta name=\"twitter:data1\" content=\"4 minuty\" \/>\n<script type=\"application\/ld+json\" class=\"yoast-schema-graph\">{\"@context\":\"https:\/\/schema.org\",\"@graph\":[{\"@type\":\"WebPage\",\"@id\":\"https:\/\/visionexpress.pl\/promocje\/ray-ban-change\/\",\"url\":\"https:\/\/visionexpress.pl\/promocje\/ray-ban-change\/\",\"name\":\"Ray-Ban Change - innowacja w\u015br\u00f3d okular\u00f3w przeciws\u0142onecznych - Vision Express\",\"isPartOf\":{\"@id\":\"https:\/\/visionexpress.pl\/promocje\/#website\"},\"primaryImageOfPage\":{\"@id\":\"https:\/\/visionexpress.pl\/promocje\/ray-ban-change\/#primaryimage\"},\"image\":{\"@id\":\"https:\/\/visionexpress.pl\/promocje\/ray-ban-change\/#primaryimage\"},\"thumbnailUrl\":\"https:\/\/visionexpress.pl\/promocje\/wp-content\/uploads\/sites\/3\/2024\/07\/1_24LUX0014_Ray-Ban_AMZ_Change_A_Hero_D-1-jpg.avif\",\"datePublished\":\"2024-07-19T15:17:29+00:00\",\"dateModified\":\"2024-08-29T14:18:15+00:00\",\"description\":\"Ray-Ban Change - innowacyjne oprawka zmieniaj\u0105ca barw\u0119 pod wp\u0142ywem \u015bwiat\u0142a UV. Fotochromowe okulary przeciws\u0142oneczne. Sprawd\u017a innowacje!\",\"breadcrumb\":{\"@id\":\"https:\/\/visionexpress.pl\/promocje\/ray-ban-change\/#breadcrumb\"},\"inLanguage\":\"pl-PL\",\"potentialAction\":[{\"@type\":\"ReadAction\",\"target\":[\"https:\/\/visionexpress.pl\/promocje\/ray-ban-change\/\"]}]},{\"@type\":\"ImageObject\",\"inLanguage\":\"pl-PL\",\"@id\":\"https:\/\/visionexpress.pl\/promocje\/ray-ban-change\/#primaryimage\",\"url\":\"https:\/\/visionexpress.pl\/promocje\/wp-content\/uploads\/sites\/3\/2024\/07\/1_24LUX0014_Ray-Ban_AMZ_Change_A_Hero_D-1-jpg.avif\",\"contentUrl\":\"https:\/\/visionexpress.pl\/promocje\/wp-content\/uploads\/sites\/3\/2024\/07\/1_24LUX0014_Ray-Ban_AMZ_Change_A_Hero_D-1-jpg.avif\",\"width\":1464,\"height\":600},{\"@type\":\"BreadcrumbList\",\"@id\":\"https:\/\/visionexpress.pl\/promocje\/ray-ban-change\/#breadcrumb\",\"itemListElement\":[{\"@type\":\"ListItem\",\"position\":1,\"name\":\"Strona g\u0142\u00f3wna\",\"item\":\"https:\/\/visionexpress.pl\/promocje\/\"},{\"@type\":\"ListItem\",\"position\":2,\"name\":\"Ray-Ban Change &#8211; innowacja w\u015br\u00f3d okular\u00f3w przeciws\u0142onecznych\"}]},{\"@type\":\"WebSite\",\"@id\":\"https:\/\/visionexpress.pl\/promocje\/#website\",\"url\":\"https:\/\/visionexpress.pl\/promocje\/\",\"name\":\"Vision Express Promocje\",\"description\":\"\",\"potentialAction\":[{\"@type\":\"SearchAction\",\"target\":{\"@type\":\"EntryPoint\",\"urlTemplate\":\"https:\/\/visionexpress.pl\/promocje\/?s={search_term_string}\"},\"query-input\":{\"@type\":\"PropertyValueSpecification\",\"valueRequired\":true,\"valueName\":\"search_term_string\"}}],\"inLanguage\":\"pl-PL\"}]}<\/script>\n<!-- \/ Yoast SEO plugin. -->","yoast_head_json":{"title":"Ray-Ban Change - innowacja w\u015br\u00f3d okular\u00f3w przeciws\u0142onecznych - Vision Express","description":"Ray-Ban Change - innowacyjne oprawka zmieniaj\u0105ca barw\u0119 pod wp\u0142ywem \u015bwiat\u0142a UV. Fotochromowe okulary przeciws\u0142oneczne. Sprawd\u017a innowacje!","robots":{"index":"index","follow":"follow","max-snippet":"max-snippet:-1","max-image-preview":"max-image-preview:large","max-video-preview":"max-video-preview:-1"},"canonical":"https:\/\/visionexpress.pl\/promocje\/ray-ban-change\/","og_locale":"pl_PL","og_type":"article","og_title":"Ray-Ban Change - innowacja w\u015br\u00f3d okular\u00f3w przeciws\u0142onecznych - Vision Express","og_description":"Ray-Ban Change - innowacyjne oprawka zmieniaj\u0105ca barw\u0119 pod wp\u0142ywem \u015bwiat\u0142a UV. Fotochromowe okulary przeciws\u0142oneczne. Sprawd\u017a innowacje!","og_url":"https:\/\/visionexpress.pl\/promocje\/ray-ban-change\/","og_site_name":"Vision Express Promocje","article_modified_time":"2024-08-29T14:18:15+00:00","og_image":[{"url":"https:\/\/visionexpress.pl\/promocje\/wp-content\/uploads\/sites\/3\/2024\/07\/1_24LUX0014_Ray-Ban_AMZ_Change_A_Hero_D-1-jpg.avif","type":"","width":"","height":""}],"twitter_card":"summary_large_image","twitter_misc":{"Szacowany czas czytania":"4 minuty"},"schema":{"@context":"https:\/\/schema.org","@graph":[{"@type":"WebPage","@id":"https:\/\/visionexpress.pl\/promocje\/ray-ban-change\/","url":"https:\/\/visionexpress.pl\/promocje\/ray-ban-change\/","name":"Ray-Ban Change - innowacja w\u015br\u00f3d okular\u00f3w przeciws\u0142onecznych - Vision Express","isPartOf":{"@id":"https:\/\/visionexpress.pl\/promocje\/#website"},"primaryImageOfPage":{"@id":"https:\/\/visionexpress.pl\/promocje\/ray-ban-change\/#primaryimage"},"image":{"@id":"https:\/\/visionexpress.pl\/promocje\/ray-ban-change\/#primaryimage"},"thumbnailUrl":"https:\/\/visionexpress.pl\/promocje\/wp-content\/uploads\/sites\/3\/2024\/07\/1_24LUX0014_Ray-Ban_AMZ_Change_A_Hero_D-1-jpg.avif","datePublished":"2024-07-19T15:17:29+00:00","dateModified":"2024-08-29T14:18:15+00:00","description":"Ray-Ban Change - innowacyjne oprawka zmieniaj\u0105ca barw\u0119 pod wp\u0142ywem \u015bwiat\u0142a UV. Fotochromowe okulary przeciws\u0142oneczne. Sprawd\u017a innowacje!","breadcrumb":{"@id":"https:\/\/visionexpress.pl\/promocje\/ray-ban-change\/#breadcrumb"},"inLanguage":"pl-PL","potentialAction":[{"@type":"ReadAction","target":["https:\/\/visionexpress.pl\/promocje\/ray-ban-change\/"]}]},{"@type":"ImageObject","inLanguage":"pl-PL","@id":"https:\/\/visionexpress.pl\/promocje\/ray-ban-change\/#primaryimage","url":"https:\/\/visionexpress.pl\/promocje\/wp-content\/uploads\/sites\/3\/2024\/07\/1_24LUX0014_Ray-Ban_AMZ_Change_A_Hero_D-1-jpg.avif","contentUrl":"https:\/\/visionexpress.pl\/promocje\/wp-content\/uploads\/sites\/3\/2024\/07\/1_24LUX0014_Ray-Ban_AMZ_Change_A_Hero_D-1-jpg.avif","width":1464,"height":600},{"@type":"BreadcrumbList","@id":"https:\/\/visionexpress.pl\/promocje\/ray-ban-change\/#breadcrumb","itemListElement":[{"@type":"ListItem","position":1,"name":"Strona g\u0142\u00f3wna","item":"https:\/\/visionexpress.pl\/promocje\/"},{"@type":"ListItem","position":2,"name":"Ray-Ban Change &#8211; innowacja w\u015br\u00f3d okular\u00f3w przeciws\u0142onecznych"}]},{"@type":"WebSite","@id":"https:\/\/visionexpress.pl\/promocje\/#website","url":"https:\/\/visionexpress.pl\/promocje\/","name":"Vision Express Promocje","description":"","potentialAction":[{"@type":"SearchAction","target":{"@type":"EntryPoint","urlTemplate":"https:\/\/visionexpress.pl\/promocje\/?s={search_term_string}"},"query-input":{"@type":"PropertyValueSpecification","valueRequired":true,"valueName":"search_term_string"}}],"inLanguage":"pl-PL"}]}},"_links":{"self":[{"href":"https:\/\/visionexpress.pl\/promocje\/wp-json\/wp\/v2\/pages\/15536","targetHints":{"allow":["GET"]}}],"collection":[{"href":"https:\/\/visionexpress.pl\/promocje\/wp-json\/wp\/v2\/pages"}],"about":[{"href":"https:\/\/visionexpress.pl\/promocje\/wp-json\/wp\/v2\/types\/page"}],"author":[{"embeddable":true,"href":"https:\/\/visionexpress.pl\/promocje\/wp-json\/wp\/v2\/users\/12"}],"replies":[{"embeddable":true,"href":"https:\/\/visionexpress.pl\/promocje\/wp-json\/wp\/v2\/comments?post=15536"}],"version-history":[{"count":10,"href":"https:\/\/visionexpress.pl\/promocje\/wp-json\/wp\/v2\/pages\/15536\/revisions"}],"predecessor-version":[{"id":15851,"href":"https:\/\/visionexpress.pl\/promocje\/wp-json\/wp\/v2\/pages\/15536\/revisions\/15851"}],"wp:attachment":[{"href":"https:\/\/visionexpress.pl\/promocje\/wp-json\/wp\/v2\/media?parent=15536"}],"curies":[{"name":"wp","href":"https:\/\/api.w.org\/{rel}","templated":true}]}}