{"id":15462,"date":"2024-06-24T12:32:29","date_gmt":"2024-06-24T10:32:29","guid":{"rendered":"https:\/\/visionexpress.pl\/promocje\/?page_id=15462"},"modified":"2026-04-07T08:57:39","modified_gmt":"2026-04-07T06:57:39","slug":"unofficial-kolekcja","status":"publish","type":"page","link":"https:\/\/visionexpress.pl\/promocje\/unofficial-kolekcja\/","title":{"rendered":"Kolekcja Unofficial"},"content":{"rendered":"","protected":false},"excerpt":{"rendered":"","protected":false},"author":21,"featured_media":0,"parent":0,"menu_order":0,"comment_status":"closed","ping_status":"closed","template":"page-brand.php","meta":{"_acf_changed":false,"footnotes":"","_links_to":"","_links_to_target":""},"class_list":["post-15462","page","type-page","status-publish","hentry"],"acf":[],"yoast_head":"<!-- This site is optimized with the Yoast SEO plugin v26.9 - https:\/\/yoast.com\/product\/yoast-seo-wordpress\/ -->\n<title>Kolekcja Unofficial - Vision Express<\/title>\n<meta name=\"description\" content=\"Odkryj okulary korekcyjne i\u00a0przeciws\u0142oneczne Unofficial. Zainspiruj si\u0119, poka\u017c swoj\u0105 osobowo\u015b\u0107 i podbij ulice swoim niepowtarzalnym stylem.\" \/>\n<meta name=\"robots\" content=\"index, follow, max-snippet:-1, max-image-preview:large, max-video-preview:-1\" \/>\n<link rel=\"canonical\" href=\"https:\/\/visionexpress.pl\/promocje\/unofficial-kolekcja\/\" \/>\n<meta property=\"og:locale\" content=\"pl_PL\" \/>\n<meta property=\"og:type\" content=\"article\" \/>\n<meta property=\"og:title\" content=\"Kolekcja Unofficial - Vision Express\" \/>\n<meta property=\"og:description\" content=\"Odkryj okulary korekcyjne i\u00a0przeciws\u0142oneczne Unofficial. Zainspiruj si\u0119, poka\u017c swoj\u0105 osobowo\u015b\u0107 i podbij ulice swoim niepowtarzalnym stylem.\" \/>\n<meta property=\"og:url\" content=\"https:\/\/visionexpress.pl\/promocje\/unofficial-kolekcja\/\" \/>\n<meta property=\"og:site_name\" content=\"Vision Express Promocje\" \/>\n<meta property=\"article:modified_time\" content=\"2026-04-07T06:57:39+00:00\" \/>\n<meta name=\"twitter:card\" content=\"summary_large_image\" \/>\n<meta name=\"twitter:label1\" content=\"Szacowany czas czytania\" \/>\n\t<meta name=\"twitter:data1\" content=\"6 minut\" \/>\n<script type=\"application\/ld+json\" class=\"yoast-schema-graph\">{\"@context\":\"https:\/\/schema.org\",\"@graph\":[{\"@type\":\"WebPage\",\"@id\":\"https:\/\/visionexpress.pl\/promocje\/unofficial-kolekcja\/\",\"url\":\"https:\/\/visionexpress.pl\/promocje\/unofficial-kolekcja\/\",\"name\":\"Kolekcja Unofficial - Vision Express\",\"isPartOf\":{\"@id\":\"https:\/\/visionexpress.pl\/promocje\/#website\"},\"datePublished\":\"2024-06-24T10:32:29+00:00\",\"dateModified\":\"2026-04-07T06:57:39+00:00\",\"description\":\"Odkryj okulary korekcyjne i\u00a0przeciws\u0142oneczne Unofficial. Zainspiruj si\u0119, poka\u017c swoj\u0105 osobowo\u015b\u0107 i podbij ulice swoim niepowtarzalnym stylem.\",\"breadcrumb\":{\"@id\":\"https:\/\/visionexpress.pl\/promocje\/unofficial-kolekcja\/#breadcrumb\"},\"inLanguage\":\"pl-PL\",\"potentialAction\":[{\"@type\":\"ReadAction\",\"target\":[\"https:\/\/visionexpress.pl\/promocje\/unofficial-kolekcja\/\"]}]},{\"@type\":\"BreadcrumbList\",\"@id\":\"https:\/\/visionexpress.pl\/promocje\/unofficial-kolekcja\/#breadcrumb\",\"itemListElement\":[{\"@type\":\"ListItem\",\"position\":1,\"name\":\"Strona g\u0142\u00f3wna\",\"item\":\"https:\/\/visionexpress.pl\/promocje\/\"},{\"@type\":\"ListItem\",\"position\":2,\"name\":\"Kolekcja Unofficial\"}]},{\"@type\":\"WebSite\",\"@id\":\"https:\/\/visionexpress.pl\/promocje\/#website\",\"url\":\"https:\/\/visionexpress.pl\/promocje\/\",\"name\":\"Vision Express Promocje\",\"description\":\"\",\"potentialAction\":[{\"@type\":\"SearchAction\",\"target\":{\"@type\":\"EntryPoint\",\"urlTemplate\":\"https:\/\/visionexpress.pl\/promocje\/?s={search_term_string}\"},\"query-input\":{\"@type\":\"PropertyValueSpecification\",\"valueRequired\":true,\"valueName\":\"search_term_string\"}}],\"inLanguage\":\"pl-PL\"}]}<\/script>\n<!-- \/ Yoast SEO plugin. -->","yoast_head_json":{"title":"Kolekcja Unofficial - Vision Express","description":"Odkryj okulary korekcyjne i\u00a0przeciws\u0142oneczne Unofficial. Zainspiruj si\u0119, poka\u017c swoj\u0105 osobowo\u015b\u0107 i podbij ulice swoim niepowtarzalnym stylem.","robots":{"index":"index","follow":"follow","max-snippet":"max-snippet:-1","max-image-preview":"max-image-preview:large","max-video-preview":"max-video-preview:-1"},"canonical":"https:\/\/visionexpress.pl\/promocje\/unofficial-kolekcja\/","og_locale":"pl_PL","og_type":"article","og_title":"Kolekcja Unofficial - Vision Express","og_description":"Odkryj okulary korekcyjne i\u00a0przeciws\u0142oneczne Unofficial. Zainspiruj si\u0119, poka\u017c swoj\u0105 osobowo\u015b\u0107 i podbij ulice swoim niepowtarzalnym stylem.","og_url":"https:\/\/visionexpress.pl\/promocje\/unofficial-kolekcja\/","og_site_name":"Vision Express Promocje","article_modified_time":"2026-04-07T06:57:39+00:00","twitter_card":"summary_large_image","twitter_misc":{"Szacowany czas czytania":"6 minut"},"schema":{"@context":"https:\/\/schema.org","@graph":[{"@type":"WebPage","@id":"https:\/\/visionexpress.pl\/promocje\/unofficial-kolekcja\/","url":"https:\/\/visionexpress.pl\/promocje\/unofficial-kolekcja\/","name":"Kolekcja Unofficial - Vision Express","isPartOf":{"@id":"https:\/\/visionexpress.pl\/promocje\/#website"},"datePublished":"2024-06-24T10:32:29+00:00","dateModified":"2026-04-07T06:57:39+00:00","description":"Odkryj okulary korekcyjne i\u00a0przeciws\u0142oneczne Unofficial. Zainspiruj si\u0119, poka\u017c swoj\u0105 osobowo\u015b\u0107 i podbij ulice swoim niepowtarzalnym stylem.","breadcrumb":{"@id":"https:\/\/visionexpress.pl\/promocje\/unofficial-kolekcja\/#breadcrumb"},"inLanguage":"pl-PL","potentialAction":[{"@type":"ReadAction","target":["https:\/\/visionexpress.pl\/promocje\/unofficial-kolekcja\/"]}]},{"@type":"BreadcrumbList","@id":"https:\/\/visionexpress.pl\/promocje\/unofficial-kolekcja\/#breadcrumb","itemListElement":[{"@type":"ListItem","position":1,"name":"Strona g\u0142\u00f3wna","item":"https:\/\/visionexpress.pl\/promocje\/"},{"@type":"ListItem","position":2,"name":"Kolekcja Unofficial"}]},{"@type":"WebSite","@id":"https:\/\/visionexpress.pl\/promocje\/#website","url":"https:\/\/visionexpress.pl\/promocje\/","name":"Vision Express Promocje","description":"","potentialAction":[{"@type":"SearchAction","target":{"@type":"EntryPoint","urlTemplate":"https:\/\/visionexpress.pl\/promocje\/?s={search_term_string}"},"query-input":{"@type":"PropertyValueSpecification","valueRequired":true,"valueName":"search_term_string"}}],"inLanguage":"pl-PL"}]}},"_links":{"self":[{"href":"https:\/\/visionexpress.pl\/promocje\/wp-json\/wp\/v2\/pages\/15462","targetHints":{"allow":["GET"]}}],"collection":[{"href":"https:\/\/visionexpress.pl\/promocje\/wp-json\/wp\/v2\/pages"}],"about":[{"href":"https:\/\/visionexpress.pl\/promocje\/wp-json\/wp\/v2\/types\/page"}],"author":[{"embeddable":true,"href":"https:\/\/visionexpress.pl\/promocje\/wp-json\/wp\/v2\/users\/21"}],"replies":[{"embeddable":true,"href":"https:\/\/visionexpress.pl\/promocje\/wp-json\/wp\/v2\/comments?post=15462"}],"version-history":[{"count":54,"href":"https:\/\/visionexpress.pl\/promocje\/wp-json\/wp\/v2\/pages\/15462\/revisions"}],"predecessor-version":[{"id":18909,"href":"https:\/\/visionexpress.pl\/promocje\/wp-json\/wp\/v2\/pages\/15462\/revisions\/18909"}],"wp:attachment":[{"href":"https:\/\/visionexpress.pl\/promocje\/wp-json\/wp\/v2\/media?parent=15462"}],"curies":[{"name":"wp","href":"https:\/\/api.w.org\/{rel}","templated":true}]}}