{"id":15390,"date":"2024-06-17T14:45:51","date_gmt":"2024-06-17T12:45:51","guid":{"rendered":"https:\/\/visionexpress.pl\/promocje\/?page_id=15390"},"modified":"2025-12-17T16:55:26","modified_gmt":"2025-12-17T15:55:26","slug":"subskrypcja-all-inclusive-zamow-raz-i-nie-martw-sie-ze-zabraknie-ci-soczewek","status":"publish","type":"page","link":"https:\/\/visionexpress.pl\/promocje\/subskrypcja-all-inclusive-zamow-raz-i-nie-martw-sie-ze-zabraknie-ci-soczewek\/","title":{"rendered":"Subskrypcja All Inclusive &#8211; zam\u00f3w raz i nie martw si\u0119, \u017ce zabraknie Ci soczewek!"},"content":{"rendered":"","protected":false},"excerpt":{"rendered":"","protected":false},"author":21,"featured_media":4710,"parent":0,"menu_order":0,"comment_status":"closed","ping_status":"closed","template":"page-brand.php","meta":{"_acf_changed":false,"footnotes":"","_links_to":"","_links_to_target":""},"class_list":["post-15390","page","type-page","status-publish","has-post-thumbnail","hentry"],"acf":[],"yoast_head":"<!-- This site is optimized with the Yoast SEO plugin v26.9 - https:\/\/yoast.com\/product\/yoast-seo-wordpress\/ -->\n<title>Subskrypcja All Inclusive - zam\u00f3w raz i nie martw si\u0119, \u017ce zabraknie Ci soczewek! - Vision Express<\/title>\n<meta name=\"description\" content=\"Zapisz si\u0119 do subskrypcji All Inclusive i otrzymuj soczewki kontaktowe cyklicznie, bez konieczno\u015bci ka\u017cdorazowego zamawiania! Sprawd\u017a jakie to proste!\" \/>\n<meta name=\"robots\" content=\"index, follow, max-snippet:-1, max-image-preview:large, max-video-preview:-1\" \/>\n<link rel=\"canonical\" href=\"https:\/\/visionexpress.pl\/promocje\/subskrypcja-all-inclusive-zamow-raz-i-nie-martw-sie-ze-zabraknie-ci-soczewek\/\" \/>\n<meta property=\"og:locale\" content=\"pl_PL\" \/>\n<meta property=\"og:type\" content=\"article\" \/>\n<meta property=\"og:title\" content=\"Subskrypcja All Inclusive - zam\u00f3w raz i nie martw si\u0119, \u017ce zabraknie Ci soczewek! - Vision Express\" \/>\n<meta property=\"og:description\" content=\"Zapisz si\u0119 do subskrypcji All Inclusive i otrzymuj soczewki kontaktowe cyklicznie, bez konieczno\u015bci ka\u017cdorazowego zamawiania! Sprawd\u017a jakie to proste!\" \/>\n<meta property=\"og:url\" content=\"https:\/\/visionexpress.pl\/promocje\/subskrypcja-all-inclusive-zamow-raz-i-nie-martw-sie-ze-zabraknie-ci-soczewek\/\" \/>\n<meta property=\"og:site_name\" content=\"Vision Express Promocje\" \/>\n<meta property=\"article:modified_time\" content=\"2025-12-17T15:55:26+00:00\" \/>\n<meta property=\"og:image\" content=\"https:\/\/visionexpress.pl\/promocje\/wp-content\/uploads\/sites\/3\/2021\/12\/ico_szkla.png\" \/>\n\t<meta property=\"og:image:width\" content=\"512\" \/>\n\t<meta property=\"og:image:height\" content=\"256\" \/>\n\t<meta property=\"og:image:type\" content=\"image\/png\" \/>\n<meta name=\"twitter:card\" content=\"summary_large_image\" \/>\n<meta name=\"twitter:label1\" content=\"Szacowany czas czytania\" \/>\n\t<meta name=\"twitter:data1\" content=\"17 minut\" \/>\n<script type=\"application\/ld+json\" class=\"yoast-schema-graph\">{\"@context\":\"https:\/\/schema.org\",\"@graph\":[{\"@type\":\"WebPage\",\"@id\":\"https:\/\/visionexpress.pl\/promocje\/subskrypcja-all-inclusive-zamow-raz-i-nie-martw-sie-ze-zabraknie-ci-soczewek\/\",\"url\":\"https:\/\/visionexpress.pl\/promocje\/subskrypcja-all-inclusive-zamow-raz-i-nie-martw-sie-ze-zabraknie-ci-soczewek\/\",\"name\":\"Subskrypcja All Inclusive - zam\u00f3w raz i nie martw si\u0119, \u017ce zabraknie Ci soczewek! - Vision Express\",\"isPartOf\":{\"@id\":\"https:\/\/visionexpress.pl\/promocje\/#website\"},\"primaryImageOfPage\":{\"@id\":\"https:\/\/visionexpress.pl\/promocje\/subskrypcja-all-inclusive-zamow-raz-i-nie-martw-sie-ze-zabraknie-ci-soczewek\/#primaryimage\"},\"image\":{\"@id\":\"https:\/\/visionexpress.pl\/promocje\/subskrypcja-all-inclusive-zamow-raz-i-nie-martw-sie-ze-zabraknie-ci-soczewek\/#primaryimage\"},\"thumbnailUrl\":\"https:\/\/visionexpress.pl\/promocje\/wp-content\/uploads\/sites\/3\/2021\/12\/ico_szkla.png\",\"datePublished\":\"2024-06-17T12:45:51+00:00\",\"dateModified\":\"2025-12-17T15:55:26+00:00\",\"description\":\"Zapisz si\u0119 do subskrypcji All Inclusive i otrzymuj soczewki kontaktowe cyklicznie, bez konieczno\u015bci ka\u017cdorazowego zamawiania! Sprawd\u017a jakie to proste!\",\"breadcrumb\":{\"@id\":\"https:\/\/visionexpress.pl\/promocje\/subskrypcja-all-inclusive-zamow-raz-i-nie-martw-sie-ze-zabraknie-ci-soczewek\/#breadcrumb\"},\"inLanguage\":\"pl-PL\",\"potentialAction\":[{\"@type\":\"ReadAction\",\"target\":[\"https:\/\/visionexpress.pl\/promocje\/subskrypcja-all-inclusive-zamow-raz-i-nie-martw-sie-ze-zabraknie-ci-soczewek\/\"]}]},{\"@type\":\"ImageObject\",\"inLanguage\":\"pl-PL\",\"@id\":\"https:\/\/visionexpress.pl\/promocje\/subskrypcja-all-inclusive-zamow-raz-i-nie-martw-sie-ze-zabraknie-ci-soczewek\/#primaryimage\",\"url\":\"https:\/\/visionexpress.pl\/promocje\/wp-content\/uploads\/sites\/3\/2021\/12\/ico_szkla.png\",\"contentUrl\":\"https:\/\/visionexpress.pl\/promocje\/wp-content\/uploads\/sites\/3\/2021\/12\/ico_szkla.png\",\"width\":512,\"height\":256},{\"@type\":\"BreadcrumbList\",\"@id\":\"https:\/\/visionexpress.pl\/promocje\/subskrypcja-all-inclusive-zamow-raz-i-nie-martw-sie-ze-zabraknie-ci-soczewek\/#breadcrumb\",\"itemListElement\":[{\"@type\":\"ListItem\",\"position\":1,\"name\":\"Strona g\u0142\u00f3wna\",\"item\":\"https:\/\/visionexpress.pl\/promocje\/\"},{\"@type\":\"ListItem\",\"position\":2,\"name\":\"Subskrypcja All Inclusive &#8211; zam\u00f3w raz i nie martw si\u0119, \u017ce zabraknie Ci soczewek!\"}]},{\"@type\":\"WebSite\",\"@id\":\"https:\/\/visionexpress.pl\/promocje\/#website\",\"url\":\"https:\/\/visionexpress.pl\/promocje\/\",\"name\":\"Vision Express Promocje\",\"description\":\"\",\"potentialAction\":[{\"@type\":\"SearchAction\",\"target\":{\"@type\":\"EntryPoint\",\"urlTemplate\":\"https:\/\/visionexpress.pl\/promocje\/?s={search_term_string}\"},\"query-input\":{\"@type\":\"PropertyValueSpecification\",\"valueRequired\":true,\"valueName\":\"search_term_string\"}}],\"inLanguage\":\"pl-PL\"}]}<\/script>\n<!-- \/ Yoast SEO plugin. -->","yoast_head_json":{"title":"Subskrypcja All Inclusive - zam\u00f3w raz i nie martw si\u0119, \u017ce zabraknie Ci soczewek! - Vision Express","description":"Zapisz si\u0119 do subskrypcji All Inclusive i otrzymuj soczewki kontaktowe cyklicznie, bez konieczno\u015bci ka\u017cdorazowego zamawiania! Sprawd\u017a jakie to proste!","robots":{"index":"index","follow":"follow","max-snippet":"max-snippet:-1","max-image-preview":"max-image-preview:large","max-video-preview":"max-video-preview:-1"},"canonical":"https:\/\/visionexpress.pl\/promocje\/subskrypcja-all-inclusive-zamow-raz-i-nie-martw-sie-ze-zabraknie-ci-soczewek\/","og_locale":"pl_PL","og_type":"article","og_title":"Subskrypcja All Inclusive - zam\u00f3w raz i nie martw si\u0119, \u017ce zabraknie Ci soczewek! - Vision Express","og_description":"Zapisz si\u0119 do subskrypcji All Inclusive i otrzymuj soczewki kontaktowe cyklicznie, bez konieczno\u015bci ka\u017cdorazowego zamawiania! Sprawd\u017a jakie to proste!","og_url":"https:\/\/visionexpress.pl\/promocje\/subskrypcja-all-inclusive-zamow-raz-i-nie-martw-sie-ze-zabraknie-ci-soczewek\/","og_site_name":"Vision Express Promocje","article_modified_time":"2025-12-17T15:55:26+00:00","og_image":[{"width":512,"height":256,"url":"https:\/\/visionexpress.pl\/promocje\/wp-content\/uploads\/sites\/3\/2021\/12\/ico_szkla.png","type":"image\/png"}],"twitter_card":"summary_large_image","twitter_misc":{"Szacowany czas czytania":"17 minut"},"schema":{"@context":"https:\/\/schema.org","@graph":[{"@type":"WebPage","@id":"https:\/\/visionexpress.pl\/promocje\/subskrypcja-all-inclusive-zamow-raz-i-nie-martw-sie-ze-zabraknie-ci-soczewek\/","url":"https:\/\/visionexpress.pl\/promocje\/subskrypcja-all-inclusive-zamow-raz-i-nie-martw-sie-ze-zabraknie-ci-soczewek\/","name":"Subskrypcja All Inclusive - zam\u00f3w raz i nie martw si\u0119, \u017ce zabraknie Ci soczewek! - Vision Express","isPartOf":{"@id":"https:\/\/visionexpress.pl\/promocje\/#website"},"primaryImageOfPage":{"@id":"https:\/\/visionexpress.pl\/promocje\/subskrypcja-all-inclusive-zamow-raz-i-nie-martw-sie-ze-zabraknie-ci-soczewek\/#primaryimage"},"image":{"@id":"https:\/\/visionexpress.pl\/promocje\/subskrypcja-all-inclusive-zamow-raz-i-nie-martw-sie-ze-zabraknie-ci-soczewek\/#primaryimage"},"thumbnailUrl":"https:\/\/visionexpress.pl\/promocje\/wp-content\/uploads\/sites\/3\/2021\/12\/ico_szkla.png","datePublished":"2024-06-17T12:45:51+00:00","dateModified":"2025-12-17T15:55:26+00:00","description":"Zapisz si\u0119 do subskrypcji All Inclusive i otrzymuj soczewki kontaktowe cyklicznie, bez konieczno\u015bci ka\u017cdorazowego zamawiania! Sprawd\u017a jakie to proste!","breadcrumb":{"@id":"https:\/\/visionexpress.pl\/promocje\/subskrypcja-all-inclusive-zamow-raz-i-nie-martw-sie-ze-zabraknie-ci-soczewek\/#breadcrumb"},"inLanguage":"pl-PL","potentialAction":[{"@type":"ReadAction","target":["https:\/\/visionexpress.pl\/promocje\/subskrypcja-all-inclusive-zamow-raz-i-nie-martw-sie-ze-zabraknie-ci-soczewek\/"]}]},{"@type":"ImageObject","inLanguage":"pl-PL","@id":"https:\/\/visionexpress.pl\/promocje\/subskrypcja-all-inclusive-zamow-raz-i-nie-martw-sie-ze-zabraknie-ci-soczewek\/#primaryimage","url":"https:\/\/visionexpress.pl\/promocje\/wp-content\/uploads\/sites\/3\/2021\/12\/ico_szkla.png","contentUrl":"https:\/\/visionexpress.pl\/promocje\/wp-content\/uploads\/sites\/3\/2021\/12\/ico_szkla.png","width":512,"height":256},{"@type":"BreadcrumbList","@id":"https:\/\/visionexpress.pl\/promocje\/subskrypcja-all-inclusive-zamow-raz-i-nie-martw-sie-ze-zabraknie-ci-soczewek\/#breadcrumb","itemListElement":[{"@type":"ListItem","position":1,"name":"Strona g\u0142\u00f3wna","item":"https:\/\/visionexpress.pl\/promocje\/"},{"@type":"ListItem","position":2,"name":"Subskrypcja All Inclusive &#8211; zam\u00f3w raz i nie martw si\u0119, \u017ce zabraknie Ci soczewek!"}]},{"@type":"WebSite","@id":"https:\/\/visionexpress.pl\/promocje\/#website","url":"https:\/\/visionexpress.pl\/promocje\/","name":"Vision Express Promocje","description":"","potentialAction":[{"@type":"SearchAction","target":{"@type":"EntryPoint","urlTemplate":"https:\/\/visionexpress.pl\/promocje\/?s={search_term_string}"},"query-input":{"@type":"PropertyValueSpecification","valueRequired":true,"valueName":"search_term_string"}}],"inLanguage":"pl-PL"}]}},"_links":{"self":[{"href":"https:\/\/visionexpress.pl\/promocje\/wp-json\/wp\/v2\/pages\/15390","targetHints":{"allow":["GET"]}}],"collection":[{"href":"https:\/\/visionexpress.pl\/promocje\/wp-json\/wp\/v2\/pages"}],"about":[{"href":"https:\/\/visionexpress.pl\/promocje\/wp-json\/wp\/v2\/types\/page"}],"author":[{"embeddable":true,"href":"https:\/\/visionexpress.pl\/promocje\/wp-json\/wp\/v2\/users\/21"}],"replies":[{"embeddable":true,"href":"https:\/\/visionexpress.pl\/promocje\/wp-json\/wp\/v2\/comments?post=15390"}],"version-history":[{"count":45,"href":"https:\/\/visionexpress.pl\/promocje\/wp-json\/wp\/v2\/pages\/15390\/revisions"}],"predecessor-version":[{"id":18268,"href":"https:\/\/visionexpress.pl\/promocje\/wp-json\/wp\/v2\/pages\/15390\/revisions\/18268"}],"wp:featuredmedia":[{"embeddable":true,"href":"https:\/\/visionexpress.pl\/promocje\/wp-json\/wp\/v2\/media\/4710"}],"wp:attachment":[{"href":"https:\/\/visionexpress.pl\/promocje\/wp-json\/wp\/v2\/media?parent=15390"}],"curies":[{"name":"wp","href":"https:\/\/api.w.org\/{rel}","templated":true}]}}