{"id":13315,"date":"2023-06-09T08:54:46","date_gmt":"2023-06-09T06:54:46","guid":{"rendered":"https:\/\/visionexpress.pl\/promocje\/?page_id=13315"},"modified":"2023-06-09T08:56:07","modified_gmt":"2023-06-09T06:56:07","slug":"prodmed002","status":"publish","type":"page","link":"https:\/\/visionexpress.pl\/promocje\/prodmed002\/","title":{"rendered":"To jest wyr\u00f3b medyczny. U\u017cywaj go zgodnie z instrukcj\u0105 u\u017cywania lub etykiet\u0105."},"content":{"rendered":"","protected":false},"excerpt":{"rendered":"","protected":false},"author":4,"featured_media":0,"parent":0,"menu_order":0,"comment_status":"closed","ping_status":"closed","template":"page-brand.php","meta":{"_acf_changed":false,"footnotes":"","_links_to":"","_links_to_target":""},"class_list":["post-13315","page","type-page","status-publish","hentry"],"acf":[],"yoast_head":"<!-- This site is optimized with the Yoast SEO plugin v26.9 - https:\/\/yoast.com\/product\/yoast-seo-wordpress\/ -->\n<title>To jest wyr\u00f3b medyczny. U\u017cywaj go zgodnie z instrukcj\u0105 u\u017cywania lub etykiet\u0105. - Vision Express<\/title>\n<meta name=\"robots\" content=\"index, follow, max-snippet:-1, max-image-preview:large, max-video-preview:-1\" \/>\n<link rel=\"canonical\" href=\"https:\/\/visionexpress.pl\/promocje\/prodmed002\/\" \/>\n<meta property=\"og:locale\" content=\"pl_PL\" \/>\n<meta property=\"og:type\" content=\"article\" \/>\n<meta property=\"og:title\" content=\"To jest wyr\u00f3b medyczny. U\u017cywaj go zgodnie z instrukcj\u0105 u\u017cywania lub etykiet\u0105. - Vision Express\" \/>\n<meta property=\"og:url\" content=\"https:\/\/visionexpress.pl\/promocje\/prodmed002\/\" \/>\n<meta property=\"og:site_name\" content=\"Vision Express Promocje\" \/>\n<meta property=\"article:modified_time\" content=\"2023-06-09T06:56:07+00:00\" \/>\n<meta name=\"twitter:card\" content=\"summary_large_image\" \/>\n<script type=\"application\/ld+json\" class=\"yoast-schema-graph\">{\"@context\":\"https:\/\/schema.org\",\"@graph\":[{\"@type\":\"WebPage\",\"@id\":\"https:\/\/visionexpress.pl\/promocje\/prodmed002\/\",\"url\":\"https:\/\/visionexpress.pl\/promocje\/prodmed002\/\",\"name\":\"To jest wyr\u00f3b medyczny. U\u017cywaj go zgodnie z instrukcj\u0105 u\u017cywania lub etykiet\u0105. - Vision Express\",\"isPartOf\":{\"@id\":\"https:\/\/visionexpress.pl\/promocje\/#website\"},\"datePublished\":\"2023-06-09T06:54:46+00:00\",\"dateModified\":\"2023-06-09T06:56:07+00:00\",\"breadcrumb\":{\"@id\":\"https:\/\/visionexpress.pl\/promocje\/prodmed002\/#breadcrumb\"},\"inLanguage\":\"pl-PL\",\"potentialAction\":[{\"@type\":\"ReadAction\",\"target\":[\"https:\/\/visionexpress.pl\/promocje\/prodmed002\/\"]}]},{\"@type\":\"BreadcrumbList\",\"@id\":\"https:\/\/visionexpress.pl\/promocje\/prodmed002\/#breadcrumb\",\"itemListElement\":[{\"@type\":\"ListItem\",\"position\":1,\"name\":\"Strona g\u0142\u00f3wna\",\"item\":\"https:\/\/visionexpress.pl\/promocje\/\"},{\"@type\":\"ListItem\",\"position\":2,\"name\":\"To jest wyr\u00f3b medyczny. U\u017cywaj go zgodnie z instrukcj\u0105 u\u017cywania lub etykiet\u0105.\"}]},{\"@type\":\"WebSite\",\"@id\":\"https:\/\/visionexpress.pl\/promocje\/#website\",\"url\":\"https:\/\/visionexpress.pl\/promocje\/\",\"name\":\"Vision Express Promocje\",\"description\":\"\",\"potentialAction\":[{\"@type\":\"SearchAction\",\"target\":{\"@type\":\"EntryPoint\",\"urlTemplate\":\"https:\/\/visionexpress.pl\/promocje\/?s={search_term_string}\"},\"query-input\":{\"@type\":\"PropertyValueSpecification\",\"valueRequired\":true,\"valueName\":\"search_term_string\"}}],\"inLanguage\":\"pl-PL\"}]}<\/script>\n<!-- \/ Yoast SEO plugin. -->","yoast_head_json":{"title":"To jest wyr\u00f3b medyczny. U\u017cywaj go zgodnie z instrukcj\u0105 u\u017cywania lub etykiet\u0105. - Vision Express","robots":{"index":"index","follow":"follow","max-snippet":"max-snippet:-1","max-image-preview":"max-image-preview:large","max-video-preview":"max-video-preview:-1"},"canonical":"https:\/\/visionexpress.pl\/promocje\/prodmed002\/","og_locale":"pl_PL","og_type":"article","og_title":"To jest wyr\u00f3b medyczny. U\u017cywaj go zgodnie z instrukcj\u0105 u\u017cywania lub etykiet\u0105. - Vision Express","og_url":"https:\/\/visionexpress.pl\/promocje\/prodmed002\/","og_site_name":"Vision Express Promocje","article_modified_time":"2023-06-09T06:56:07+00:00","twitter_card":"summary_large_image","schema":{"@context":"https:\/\/schema.org","@graph":[{"@type":"WebPage","@id":"https:\/\/visionexpress.pl\/promocje\/prodmed002\/","url":"https:\/\/visionexpress.pl\/promocje\/prodmed002\/","name":"To jest wyr\u00f3b medyczny. U\u017cywaj go zgodnie z instrukcj\u0105 u\u017cywania lub etykiet\u0105. - Vision Express","isPartOf":{"@id":"https:\/\/visionexpress.pl\/promocje\/#website"},"datePublished":"2023-06-09T06:54:46+00:00","dateModified":"2023-06-09T06:56:07+00:00","breadcrumb":{"@id":"https:\/\/visionexpress.pl\/promocje\/prodmed002\/#breadcrumb"},"inLanguage":"pl-PL","potentialAction":[{"@type":"ReadAction","target":["https:\/\/visionexpress.pl\/promocje\/prodmed002\/"]}]},{"@type":"BreadcrumbList","@id":"https:\/\/visionexpress.pl\/promocje\/prodmed002\/#breadcrumb","itemListElement":[{"@type":"ListItem","position":1,"name":"Strona g\u0142\u00f3wna","item":"https:\/\/visionexpress.pl\/promocje\/"},{"@type":"ListItem","position":2,"name":"To jest wyr\u00f3b medyczny. U\u017cywaj go zgodnie z instrukcj\u0105 u\u017cywania lub etykiet\u0105."}]},{"@type":"WebSite","@id":"https:\/\/visionexpress.pl\/promocje\/#website","url":"https:\/\/visionexpress.pl\/promocje\/","name":"Vision Express Promocje","description":"","potentialAction":[{"@type":"SearchAction","target":{"@type":"EntryPoint","urlTemplate":"https:\/\/visionexpress.pl\/promocje\/?s={search_term_string}"},"query-input":{"@type":"PropertyValueSpecification","valueRequired":true,"valueName":"search_term_string"}}],"inLanguage":"pl-PL"}]}},"_links":{"self":[{"href":"https:\/\/visionexpress.pl\/promocje\/wp-json\/wp\/v2\/pages\/13315","targetHints":{"allow":["GET"]}}],"collection":[{"href":"https:\/\/visionexpress.pl\/promocje\/wp-json\/wp\/v2\/pages"}],"about":[{"href":"https:\/\/visionexpress.pl\/promocje\/wp-json\/wp\/v2\/types\/page"}],"author":[{"embeddable":true,"href":"https:\/\/visionexpress.pl\/promocje\/wp-json\/wp\/v2\/users\/4"}],"replies":[{"embeddable":true,"href":"https:\/\/visionexpress.pl\/promocje\/wp-json\/wp\/v2\/comments?post=13315"}],"version-history":[{"count":2,"href":"https:\/\/visionexpress.pl\/promocje\/wp-json\/wp\/v2\/pages\/13315\/revisions"}],"predecessor-version":[{"id":13317,"href":"https:\/\/visionexpress.pl\/promocje\/wp-json\/wp\/v2\/pages\/13315\/revisions\/13317"}],"wp:attachment":[{"href":"https:\/\/visionexpress.pl\/promocje\/wp-json\/wp\/v2\/media?parent=13315"}],"curies":[{"name":"wp","href":"https:\/\/api.w.org\/{rel}","templated":true}]}}