{"id":3219,"date":"2025-10-17T12:40:52","date_gmt":"2025-10-17T10:40:52","guid":{"rendered":"https:\/\/visionexpress.pl\/porady\/?page_id=3219"},"modified":"2026-03-20T14:23:07","modified_gmt":"2026-03-20T13:23:07","slug":"pakiety-soczewek-korekcyjnych","status":"publish","type":"page","link":"https:\/\/visionexpress.pl\/porady\/pakiety-soczewek-korekcyjnych\/","title":{"rendered":"Pakiety soczewek korekcyjnych"},"content":{"rendered":"","protected":false},"excerpt":{"rendered":"","protected":false},"author":2,"featured_media":0,"parent":0,"menu_order":0,"comment_status":"closed","ping_status":"closed","template":"page-lenses-v2.php","meta":{"_acf_changed":false,"footnotes":"","_links_to":"","_links_to_target":"","_wp_rev_ctl_limit":""},"class_list":["post-3219","page","type-page","status-publish","hentry"],"acf":[],"yoast_head":"<!-- This site is optimized with the Yoast SEO plugin v26.9 - https:\/\/yoast.com\/product\/yoast-seo-wordpress\/ -->\n<title>Pakiety soczewek korekcyjnych - Vision Express<\/title>\n<meta name=\"description\" content=\"Soczewki okularowe korekcyjne w pakietach Vision Express. Poznaj ofert\u0119 dopasowan\u0105 do Twoich potrzeb i wybierz idealne rozwi\u0105zanie.\" \/>\n<meta name=\"robots\" content=\"index, follow, max-snippet:-1, max-image-preview:large, max-video-preview:-1\" \/>\n<link rel=\"canonical\" href=\"https:\/\/visionexpress.pl\/porady\/pakiety-soczewek-korekcyjnych\/\" \/>\n<meta property=\"og:locale\" content=\"pl_PL\" \/>\n<meta property=\"og:type\" content=\"article\" \/>\n<meta property=\"og:title\" content=\"Pakiety soczewek korekcyjnych - Vision Express\" \/>\n<meta property=\"og:description\" content=\"Soczewki okularowe korekcyjne w pakietach Vision Express. Poznaj ofert\u0119 dopasowan\u0105 do Twoich potrzeb i wybierz idealne rozwi\u0105zanie.\" \/>\n<meta property=\"og:url\" content=\"https:\/\/visionexpress.pl\/porady\/pakiety-soczewek-korekcyjnych\/\" \/>\n<meta property=\"og:site_name\" content=\"Vision Express Porady\" \/>\n<meta property=\"article:modified_time\" content=\"2026-03-20T13:23:07+00:00\" \/>\n<meta name=\"twitter:card\" content=\"summary_large_image\" \/>\n<meta name=\"twitter:label1\" content=\"Szacowany czas czytania\" \/>\n\t<meta name=\"twitter:data1\" content=\"35 minut\" \/>\n<script type=\"application\/ld+json\" class=\"yoast-schema-graph\">{\"@context\":\"https:\/\/schema.org\",\"@graph\":[{\"@type\":\"WebPage\",\"@id\":\"https:\/\/visionexpress.pl\/porady\/pakiety-soczewek-korekcyjnych\/\",\"url\":\"https:\/\/visionexpress.pl\/porady\/pakiety-soczewek-korekcyjnych\/\",\"name\":\"Pakiety soczewek korekcyjnych - Vision Express\",\"isPartOf\":{\"@id\":\"https:\/\/visionexpress.pl\/porady\/#website\"},\"datePublished\":\"2025-10-17T10:40:52+00:00\",\"dateModified\":\"2026-03-20T13:23:07+00:00\",\"description\":\"Soczewki okularowe korekcyjne w pakietach Vision Express. Poznaj ofert\u0119 dopasowan\u0105 do Twoich potrzeb i wybierz idealne rozwi\u0105zanie.\",\"breadcrumb\":{\"@id\":\"https:\/\/visionexpress.pl\/porady\/pakiety-soczewek-korekcyjnych\/#breadcrumb\"},\"inLanguage\":\"pl-PL\",\"potentialAction\":[{\"@type\":\"ReadAction\",\"target\":[\"https:\/\/visionexpress.pl\/porady\/pakiety-soczewek-korekcyjnych\/\"]}]},{\"@type\":\"BreadcrumbList\",\"@id\":\"https:\/\/visionexpress.pl\/porady\/pakiety-soczewek-korekcyjnych\/#breadcrumb\",\"itemListElement\":[{\"@type\":\"ListItem\",\"position\":1,\"name\":\"Strona g\u0142\u00f3wna\",\"item\":\"https:\/\/visionexpress.pl\/porady\/\"},{\"@type\":\"ListItem\",\"position\":2,\"name\":\"Pakiety soczewek korekcyjnych\"}]},{\"@type\":\"WebSite\",\"@id\":\"https:\/\/visionexpress.pl\/porady\/#website\",\"url\":\"https:\/\/visionexpress.pl\/porady\/\",\"name\":\"Vision Express Porady\",\"description\":\"Porady\",\"potentialAction\":[{\"@type\":\"SearchAction\",\"target\":{\"@type\":\"EntryPoint\",\"urlTemplate\":\"https:\/\/visionexpress.pl\/porady\/?s={search_term_string}\"},\"query-input\":{\"@type\":\"PropertyValueSpecification\",\"valueRequired\":true,\"valueName\":\"search_term_string\"}}],\"inLanguage\":\"pl-PL\"}]}<\/script>\n<!-- \/ Yoast SEO plugin. -->","yoast_head_json":{"title":"Pakiety soczewek korekcyjnych - Vision Express","description":"Soczewki okularowe korekcyjne w pakietach Vision Express. Poznaj ofert\u0119 dopasowan\u0105 do Twoich potrzeb i wybierz idealne rozwi\u0105zanie.","robots":{"index":"index","follow":"follow","max-snippet":"max-snippet:-1","max-image-preview":"max-image-preview:large","max-video-preview":"max-video-preview:-1"},"canonical":"https:\/\/visionexpress.pl\/porady\/pakiety-soczewek-korekcyjnych\/","og_locale":"pl_PL","og_type":"article","og_title":"Pakiety soczewek korekcyjnych - Vision Express","og_description":"Soczewki okularowe korekcyjne w pakietach Vision Express. Poznaj ofert\u0119 dopasowan\u0105 do Twoich potrzeb i wybierz idealne rozwi\u0105zanie.","og_url":"https:\/\/visionexpress.pl\/porady\/pakiety-soczewek-korekcyjnych\/","og_site_name":"Vision Express Porady","article_modified_time":"2026-03-20T13:23:07+00:00","twitter_card":"summary_large_image","twitter_misc":{"Szacowany czas czytania":"35 minut"},"schema":{"@context":"https:\/\/schema.org","@graph":[{"@type":"WebPage","@id":"https:\/\/visionexpress.pl\/porady\/pakiety-soczewek-korekcyjnych\/","url":"https:\/\/visionexpress.pl\/porady\/pakiety-soczewek-korekcyjnych\/","name":"Pakiety soczewek korekcyjnych - Vision Express","isPartOf":{"@id":"https:\/\/visionexpress.pl\/porady\/#website"},"datePublished":"2025-10-17T10:40:52+00:00","dateModified":"2026-03-20T13:23:07+00:00","description":"Soczewki okularowe korekcyjne w pakietach Vision Express. Poznaj ofert\u0119 dopasowan\u0105 do Twoich potrzeb i wybierz idealne rozwi\u0105zanie.","breadcrumb":{"@id":"https:\/\/visionexpress.pl\/porady\/pakiety-soczewek-korekcyjnych\/#breadcrumb"},"inLanguage":"pl-PL","potentialAction":[{"@type":"ReadAction","target":["https:\/\/visionexpress.pl\/porady\/pakiety-soczewek-korekcyjnych\/"]}]},{"@type":"BreadcrumbList","@id":"https:\/\/visionexpress.pl\/porady\/pakiety-soczewek-korekcyjnych\/#breadcrumb","itemListElement":[{"@type":"ListItem","position":1,"name":"Strona g\u0142\u00f3wna","item":"https:\/\/visionexpress.pl\/porady\/"},{"@type":"ListItem","position":2,"name":"Pakiety soczewek korekcyjnych"}]},{"@type":"WebSite","@id":"https:\/\/visionexpress.pl\/porady\/#website","url":"https:\/\/visionexpress.pl\/porady\/","name":"Vision Express Porady","description":"Porady","potentialAction":[{"@type":"SearchAction","target":{"@type":"EntryPoint","urlTemplate":"https:\/\/visionexpress.pl\/porady\/?s={search_term_string}"},"query-input":{"@type":"PropertyValueSpecification","valueRequired":true,"valueName":"search_term_string"}}],"inLanguage":"pl-PL"}]}},"_links":{"self":[{"href":"https:\/\/visionexpress.pl\/porady\/wp-json\/wp\/v2\/pages\/3219","targetHints":{"allow":["GET"]}}],"collection":[{"href":"https:\/\/visionexpress.pl\/porady\/wp-json\/wp\/v2\/pages"}],"about":[{"href":"https:\/\/visionexpress.pl\/porady\/wp-json\/wp\/v2\/types\/page"}],"author":[{"embeddable":true,"href":"https:\/\/visionexpress.pl\/porady\/wp-json\/wp\/v2\/users\/2"}],"replies":[{"embeddable":true,"href":"https:\/\/visionexpress.pl\/porady\/wp-json\/wp\/v2\/comments?post=3219"}],"version-history":[{"count":9,"href":"https:\/\/visionexpress.pl\/porady\/wp-json\/wp\/v2\/pages\/3219\/revisions"}],"predecessor-version":[{"id":16162,"href":"https:\/\/visionexpress.pl\/porady\/wp-json\/wp\/v2\/pages\/3219\/revisions\/16162"}],"wp:attachment":[{"href":"https:\/\/visionexpress.pl\/porady\/wp-json\/wp\/v2\/media?parent=3219"}],"curies":[{"name":"wp","href":"https:\/\/api.w.org\/{rel}","templated":true}]}}