{"id":765,"date":"2015-09-01T11:31:41","date_gmt":"2015-09-01T11:31:41","guid":{"rendered":"http:\/\/demo.powerthemes.club\/themes\/classifieds\/?page_id=2"},"modified":"2025-06-08T13:34:36","modified_gmt":"2025-06-08T11:34:36","slug":"vision-express","status":"publish","type":"page","link":"https:\/\/visionexpress.pl\/kariera\/","title":{"rendered":"Kariera w Vision Express"},"content":{"rendered":"","protected":false},"excerpt":{"rendered":"","protected":false},"author":1,"featured_media":0,"parent":0,"menu_order":0,"comment_status":"closed","ping_status":"closed","template":"page-glowna-strona.php","meta":{"footnotes":""},"class_list":["post-765","page","type-page","status-publish","hentry"],"yoast_head":"<!-- This site is optimized with the Yoast SEO plugin v27.4 - https:\/\/yoast.com\/product\/yoast-seo-wordpress\/ -->\n<title>Kariera w Vision Express<\/title>\n<meta name=\"description\" content=\"Twoja kariera w Vision Express to szansa na rozw\u00f3j i realny wp\u0142yw na jako\u015b\u0107 \u017cycia naszych Klient\u00f3w.\" \/>\n<meta name=\"robots\" content=\"index, follow, max-snippet:-1, max-image-preview:large, max-video-preview:-1\" \/>\n<link rel=\"canonical\" href=\"https:\/\/visionexpress.pl\/kariera\/\" \/>\n<meta property=\"og:locale\" content=\"pl_PL\" \/>\n<meta property=\"og:type\" content=\"article\" \/>\n<meta property=\"og:title\" content=\"Kariera w Vision Express\" \/>\n<meta property=\"og:description\" content=\"Twoja kariera w Vision Express to szansa na rozw\u00f3j i realny wp\u0142yw na jako\u015b\u0107 \u017cycia naszych Klient\u00f3w.\" \/>\n<meta property=\"og:url\" content=\"https:\/\/visionexpress.pl\/kariera\/\" \/>\n<meta property=\"og:site_name\" content=\"Kariera w Vision Express\" \/>\n<meta property=\"article:modified_time\" content=\"2025-06-08T11:34:36+00:00\" \/>\n<meta name=\"twitter:card\" content=\"summary_large_image\" \/>\n<script type=\"application\/ld+json\" class=\"yoast-schema-graph\">{\"@context\":\"https:\\\/\\\/schema.org\",\"@graph\":[{\"@type\":\"WebPage\",\"@id\":\"https:\\\/\\\/visionexpress.pl\\\/kariera\\\/\",\"url\":\"https:\\\/\\\/visionexpress.pl\\\/kariera\\\/\",\"name\":\"Kariera w Vision Express\",\"isPartOf\":{\"@id\":\"https:\\\/\\\/visionexpress.pl\\\/kariera\\\/#website\"},\"datePublished\":\"2015-09-01T11:31:41+00:00\",\"dateModified\":\"2025-06-08T11:34:36+00:00\",\"description\":\"Twoja kariera w Vision Express to szansa na rozw\u00f3j i realny wp\u0142yw na jako\u015b\u0107 \u017cycia naszych Klient\u00f3w.\",\"breadcrumb\":{\"@id\":\"https:\\\/\\\/visionexpress.pl\\\/kariera\\\/#breadcrumb\"},\"inLanguage\":\"pl-PL\",\"potentialAction\":[{\"@type\":\"ReadAction\",\"target\":[\"https:\\\/\\\/visionexpress.pl\\\/kariera\\\/\"]}]},{\"@type\":\"BreadcrumbList\",\"@id\":\"https:\\\/\\\/visionexpress.pl\\\/kariera\\\/#breadcrumb\",\"itemListElement\":[{\"@type\":\"ListItem\",\"position\":1,\"name\":\"Strona g\u0142\u00f3wna\",\"item\":\"https:\\\/\\\/visionexpress.pl\\\/kariera\\\/\"},{\"@type\":\"ListItem\",\"position\":2,\"name\":\"Kariera w Vision Express\"}]},{\"@type\":\"WebSite\",\"@id\":\"https:\\\/\\\/visionexpress.pl\\\/kariera\\\/#website\",\"url\":\"https:\\\/\\\/visionexpress.pl\\\/kariera\\\/\",\"name\":\"Kariera w Vision Express\",\"description\":\"Kariera\",\"potentialAction\":[{\"@type\":\"SearchAction\",\"target\":{\"@type\":\"EntryPoint\",\"urlTemplate\":\"https:\\\/\\\/visionexpress.pl\\\/kariera\\\/?s={search_term_string}\"},\"query-input\":{\"@type\":\"PropertyValueSpecification\",\"valueRequired\":true,\"valueName\":\"search_term_string\"}}],\"inLanguage\":\"pl-PL\"}]}<\/script>\n<!-- \/ Yoast SEO plugin. -->","yoast_head_json":{"title":"Kariera w Vision Express","description":"Twoja kariera w Vision Express to szansa na rozw\u00f3j i realny wp\u0142yw na jako\u015b\u0107 \u017cycia naszych Klient\u00f3w.","robots":{"index":"index","follow":"follow","max-snippet":"max-snippet:-1","max-image-preview":"max-image-preview:large","max-video-preview":"max-video-preview:-1"},"canonical":"https:\/\/visionexpress.pl\/kariera\/","og_locale":"pl_PL","og_type":"article","og_title":"Kariera w Vision Express","og_description":"Twoja kariera w Vision Express to szansa na rozw\u00f3j i realny wp\u0142yw na jako\u015b\u0107 \u017cycia naszych Klient\u00f3w.","og_url":"https:\/\/visionexpress.pl\/kariera\/","og_site_name":"Kariera w Vision Express","article_modified_time":"2025-06-08T11:34:36+00:00","twitter_card":"summary_large_image","schema":{"@context":"https:\/\/schema.org","@graph":[{"@type":"WebPage","@id":"https:\/\/visionexpress.pl\/kariera\/","url":"https:\/\/visionexpress.pl\/kariera\/","name":"Kariera w Vision Express","isPartOf":{"@id":"https:\/\/visionexpress.pl\/kariera\/#website"},"datePublished":"2015-09-01T11:31:41+00:00","dateModified":"2025-06-08T11:34:36+00:00","description":"Twoja kariera w Vision Express to szansa na rozw\u00f3j i realny wp\u0142yw na jako\u015b\u0107 \u017cycia naszych Klient\u00f3w.","breadcrumb":{"@id":"https:\/\/visionexpress.pl\/kariera\/#breadcrumb"},"inLanguage":"pl-PL","potentialAction":[{"@type":"ReadAction","target":["https:\/\/visionexpress.pl\/kariera\/"]}]},{"@type":"BreadcrumbList","@id":"https:\/\/visionexpress.pl\/kariera\/#breadcrumb","itemListElement":[{"@type":"ListItem","position":1,"name":"Strona g\u0142\u00f3wna","item":"https:\/\/visionexpress.pl\/kariera\/"},{"@type":"ListItem","position":2,"name":"Kariera w Vision Express"}]},{"@type":"WebSite","@id":"https:\/\/visionexpress.pl\/kariera\/#website","url":"https:\/\/visionexpress.pl\/kariera\/","name":"Kariera w Vision Express","description":"Kariera","potentialAction":[{"@type":"SearchAction","target":{"@type":"EntryPoint","urlTemplate":"https:\/\/visionexpress.pl\/kariera\/?s={search_term_string}"},"query-input":{"@type":"PropertyValueSpecification","valueRequired":true,"valueName":"search_term_string"}}],"inLanguage":"pl-PL"}]}},"_links":{"self":[{"href":"https:\/\/visionexpress.pl\/kariera\/wp-json\/wp\/v2\/pages\/765","targetHints":{"allow":["GET"]}}],"collection":[{"href":"https:\/\/visionexpress.pl\/kariera\/wp-json\/wp\/v2\/pages"}],"about":[{"href":"https:\/\/visionexpress.pl\/kariera\/wp-json\/wp\/v2\/types\/page"}],"author":[{"embeddable":true,"href":"https:\/\/visionexpress.pl\/kariera\/wp-json\/wp\/v2\/users\/1"}],"replies":[{"embeddable":true,"href":"https:\/\/visionexpress.pl\/kariera\/wp-json\/wp\/v2\/comments?post=765"}],"version-history":[{"count":6,"href":"https:\/\/visionexpress.pl\/kariera\/wp-json\/wp\/v2\/pages\/765\/revisions"}],"predecessor-version":[{"id":4032,"href":"https:\/\/visionexpress.pl\/kariera\/wp-json\/wp\/v2\/pages\/765\/revisions\/4032"}],"wp:attachment":[{"href":"https:\/\/visionexpress.pl\/kariera\/wp-json\/wp\/v2\/media?parent=765"}],"curies":[{"name":"wp","href":"https:\/\/api.w.org\/{rel}","templated":true}]}}