{"id":2562,"date":"2019-03-26T10:23:44","date_gmt":"2019-03-26T09:23:44","guid":{"rendered":"https:\/\/visionexpress.pl\/kariera\/?page_id=2562"},"modified":"2025-06-08T14:28:19","modified_gmt":"2025-06-08T12:28:19","slug":"praca-w-gabinecie","status":"publish","type":"page","link":"https:\/\/visionexpress.pl\/kariera\/praca-w-gabinecie\/","title":{"rendered":"Praca w Gabinecie"},"content":{"rendered":"","protected":false},"excerpt":{"rendered":"","protected":false},"author":1,"featured_media":0,"parent":0,"menu_order":0,"comment_status":"closed","ping_status":"closed","template":"page-zespolgabinety.php","meta":{"footnotes":""},"class_list":["post-2562","page","type-page","status-publish","hentry"],"yoast_head":"<!-- This site is optimized with the Yoast SEO plugin v27.4 - https:\/\/yoast.com\/product\/yoast-seo-wordpress\/ -->\n<title>Praca w Gabinecie - Kariera w Vision Express<\/title>\n<meta name=\"description\" content=\"Do\u0142\u0105cz do Vision Express jako Optometrysta i rozwijaj swoj\u0105 karier\u0119, pomagaj\u0105c naszym Klientom dba\u0107 o ich wzrok.\" \/>\n<meta name=\"robots\" content=\"index, follow, max-snippet:-1, max-image-preview:large, max-video-preview:-1\" \/>\n<link rel=\"canonical\" href=\"https:\/\/visionexpress.pl\/kariera\/praca-w-gabinecie\/\" \/>\n<meta property=\"og:locale\" content=\"pl_PL\" \/>\n<meta property=\"og:type\" content=\"article\" \/>\n<meta property=\"og:title\" content=\"Praca w Gabinecie - Kariera w Vision Express\" \/>\n<meta property=\"og:description\" content=\"Do\u0142\u0105cz do Vision Express jako Optometrysta i rozwijaj swoj\u0105 karier\u0119, pomagaj\u0105c naszym Klientom dba\u0107 o ich wzrok.\" \/>\n<meta property=\"og:url\" content=\"https:\/\/visionexpress.pl\/kariera\/praca-w-gabinecie\/\" \/>\n<meta property=\"og:site_name\" content=\"Kariera w Vision Express\" \/>\n<meta property=\"article:modified_time\" content=\"2025-06-08T12:28:19+00:00\" \/>\n<meta name=\"twitter:card\" content=\"summary_large_image\" \/>\n<script type=\"application\/ld+json\" class=\"yoast-schema-graph\">{\"@context\":\"https:\\\/\\\/schema.org\",\"@graph\":[{\"@type\":\"WebPage\",\"@id\":\"https:\\\/\\\/visionexpress.pl\\\/kariera\\\/praca-w-gabinecie\\\/\",\"url\":\"https:\\\/\\\/visionexpress.pl\\\/kariera\\\/praca-w-gabinecie\\\/\",\"name\":\"Praca w Gabinecie - Kariera w Vision Express\",\"isPartOf\":{\"@id\":\"https:\\\/\\\/visionexpress.pl\\\/kariera\\\/#website\"},\"datePublished\":\"2019-03-26T09:23:44+00:00\",\"dateModified\":\"2025-06-08T12:28:19+00:00\",\"description\":\"Do\u0142\u0105cz do Vision Express jako Optometrysta i rozwijaj swoj\u0105 karier\u0119, pomagaj\u0105c naszym Klientom dba\u0107 o ich wzrok.\",\"breadcrumb\":{\"@id\":\"https:\\\/\\\/visionexpress.pl\\\/kariera\\\/praca-w-gabinecie\\\/#breadcrumb\"},\"inLanguage\":\"pl-PL\",\"potentialAction\":[{\"@type\":\"ReadAction\",\"target\":[\"https:\\\/\\\/visionexpress.pl\\\/kariera\\\/praca-w-gabinecie\\\/\"]}]},{\"@type\":\"BreadcrumbList\",\"@id\":\"https:\\\/\\\/visionexpress.pl\\\/kariera\\\/praca-w-gabinecie\\\/#breadcrumb\",\"itemListElement\":[{\"@type\":\"ListItem\",\"position\":1,\"name\":\"Strona g\u0142\u00f3wna\",\"item\":\"https:\\\/\\\/visionexpress.pl\\\/kariera\\\/\"},{\"@type\":\"ListItem\",\"position\":2,\"name\":\"Praca w Gabinecie\"}]},{\"@type\":\"WebSite\",\"@id\":\"https:\\\/\\\/visionexpress.pl\\\/kariera\\\/#website\",\"url\":\"https:\\\/\\\/visionexpress.pl\\\/kariera\\\/\",\"name\":\"Kariera w Vision Express\",\"description\":\"Kariera\",\"potentialAction\":[{\"@type\":\"SearchAction\",\"target\":{\"@type\":\"EntryPoint\",\"urlTemplate\":\"https:\\\/\\\/visionexpress.pl\\\/kariera\\\/?s={search_term_string}\"},\"query-input\":{\"@type\":\"PropertyValueSpecification\",\"valueRequired\":true,\"valueName\":\"search_term_string\"}}],\"inLanguage\":\"pl-PL\"}]}<\/script>\n<!-- \/ Yoast SEO plugin. -->","yoast_head_json":{"title":"Praca w Gabinecie - Kariera w Vision Express","description":"Do\u0142\u0105cz do Vision Express jako Optometrysta i rozwijaj swoj\u0105 karier\u0119, pomagaj\u0105c naszym Klientom dba\u0107 o ich wzrok.","robots":{"index":"index","follow":"follow","max-snippet":"max-snippet:-1","max-image-preview":"max-image-preview:large","max-video-preview":"max-video-preview:-1"},"canonical":"https:\/\/visionexpress.pl\/kariera\/praca-w-gabinecie\/","og_locale":"pl_PL","og_type":"article","og_title":"Praca w Gabinecie - Kariera w Vision Express","og_description":"Do\u0142\u0105cz do Vision Express jako Optometrysta i rozwijaj swoj\u0105 karier\u0119, pomagaj\u0105c naszym Klientom dba\u0107 o ich wzrok.","og_url":"https:\/\/visionexpress.pl\/kariera\/praca-w-gabinecie\/","og_site_name":"Kariera w Vision Express","article_modified_time":"2025-06-08T12:28:19+00:00","twitter_card":"summary_large_image","schema":{"@context":"https:\/\/schema.org","@graph":[{"@type":"WebPage","@id":"https:\/\/visionexpress.pl\/kariera\/praca-w-gabinecie\/","url":"https:\/\/visionexpress.pl\/kariera\/praca-w-gabinecie\/","name":"Praca w Gabinecie - Kariera w Vision Express","isPartOf":{"@id":"https:\/\/visionexpress.pl\/kariera\/#website"},"datePublished":"2019-03-26T09:23:44+00:00","dateModified":"2025-06-08T12:28:19+00:00","description":"Do\u0142\u0105cz do Vision Express jako Optometrysta i rozwijaj swoj\u0105 karier\u0119, pomagaj\u0105c naszym Klientom dba\u0107 o ich wzrok.","breadcrumb":{"@id":"https:\/\/visionexpress.pl\/kariera\/praca-w-gabinecie\/#breadcrumb"},"inLanguage":"pl-PL","potentialAction":[{"@type":"ReadAction","target":["https:\/\/visionexpress.pl\/kariera\/praca-w-gabinecie\/"]}]},{"@type":"BreadcrumbList","@id":"https:\/\/visionexpress.pl\/kariera\/praca-w-gabinecie\/#breadcrumb","itemListElement":[{"@type":"ListItem","position":1,"name":"Strona g\u0142\u00f3wna","item":"https:\/\/visionexpress.pl\/kariera\/"},{"@type":"ListItem","position":2,"name":"Praca w Gabinecie"}]},{"@type":"WebSite","@id":"https:\/\/visionexpress.pl\/kariera\/#website","url":"https:\/\/visionexpress.pl\/kariera\/","name":"Kariera w Vision Express","description":"Kariera","potentialAction":[{"@type":"SearchAction","target":{"@type":"EntryPoint","urlTemplate":"https:\/\/visionexpress.pl\/kariera\/?s={search_term_string}"},"query-input":{"@type":"PropertyValueSpecification","valueRequired":true,"valueName":"search_term_string"}}],"inLanguage":"pl-PL"}]}},"_links":{"self":[{"href":"https:\/\/visionexpress.pl\/kariera\/wp-json\/wp\/v2\/pages\/2562","targetHints":{"allow":["GET"]}}],"collection":[{"href":"https:\/\/visionexpress.pl\/kariera\/wp-json\/wp\/v2\/pages"}],"about":[{"href":"https:\/\/visionexpress.pl\/kariera\/wp-json\/wp\/v2\/types\/page"}],"author":[{"embeddable":true,"href":"https:\/\/visionexpress.pl\/kariera\/wp-json\/wp\/v2\/users\/1"}],"replies":[{"embeddable":true,"href":"https:\/\/visionexpress.pl\/kariera\/wp-json\/wp\/v2\/comments?post=2562"}],"version-history":[{"count":5,"href":"https:\/\/visionexpress.pl\/kariera\/wp-json\/wp\/v2\/pages\/2562\/revisions"}],"predecessor-version":[{"id":4034,"href":"https:\/\/visionexpress.pl\/kariera\/wp-json\/wp\/v2\/pages\/2562\/revisions\/4034"}],"wp:attachment":[{"href":"https:\/\/visionexpress.pl\/kariera\/wp-json\/wp\/v2\/media?parent=2562"}],"curies":[{"name":"wp","href":"https:\/\/api.w.org\/{rel}","templated":true}]}}